{"id":1146,"date":"2025-03-19T07:10:56","date_gmt":"2025-03-19T07:10:56","guid":{"rendered":"https:\/\/mp2kwidzyn.pl\/?page_id=1146"},"modified":"2026-01-19T13:07:56","modified_gmt":"2026-01-19T13:07:56","slug":"konsultacje-nauczycieli-w-roku-szkolnym-2024-2025","status":"publish","type":"page","link":"https:\/\/mp2kwidzyn.pl\/index.php\/konsultacje-nauczycieli-w-roku-szkolnym-2024-2025\/","title":{"rendered":"Konsultacje nauczycieli w roku szkolnym 2025\/2026"},"content":{"rendered":"<p style=\"text-align: center;\"><img loading=\"lazy\" decoding=\"async\" class=\"size-medium wp-image-4310 alignleft\" src=\"https:\/\/mp2kwidzyn.pl\/wp-content\/uploads\/2026\/01\/consultation-6905192_640-180x300.png\" alt=\"\" width=\"180\" height=\"300\" srcset=\"https:\/\/mp2kwidzyn.pl\/wp-content\/uploads\/2026\/01\/consultation-6905192_640-180x300.png 180w, https:\/\/mp2kwidzyn.pl\/wp-content\/uploads\/2026\/01\/consultation-6905192_640.png 384w\" sizes=\"auto, (max-width: 180px) 100vw, 180px\" \/>Konsultacje z nauczycielami mo\u017cliwe s\u0105<br \/>\n<em><strong>po wcze\u015bniejszym ustaleniu terminu<br \/>\n<\/strong><\/em> lub <em><strong>po zebraniach z rodzicami<\/strong><\/em>.<\/p>\n","protected":false},"excerpt":{"rendered":"<p>Konsultacje z nauczycielami mo\u017cliwe s\u0105 po wcze\u015bniejszym ustaleniu terminu lub po zebraniach z rodzicami.<\/p>\n","protected":false},"author":1,"featured_media":0,"parent":0,"menu_order":0,"comment_status":"closed","ping_status":"closed","template":"","meta":{"footnotes":""},"class_list":["post-1146","page","type-page","status-publish","hentry"],"_links":{"self":[{"href":"https:\/\/mp2kwidzyn.pl\/index.php\/wp-json\/wp\/v2\/pages\/1146","targetHints":{"allow":["GET"]}}],"collection":[{"href":"https:\/\/mp2kwidzyn.pl\/index.php\/wp-json\/wp\/v2\/pages"}],"about":[{"href":"https:\/\/mp2kwidzyn.pl\/index.php\/wp-json\/wp\/v2\/types\/page"}],"author":[{"embeddable":true,"href":"https:\/\/mp2kwidzyn.pl\/index.php\/wp-json\/wp\/v2\/users\/1"}],"replies":[{"embeddable":true,"href":"https:\/\/mp2kwidzyn.pl\/index.php\/wp-json\/wp\/v2\/comments?post=1146"}],"version-history":[{"count":5,"href":"https:\/\/mp2kwidzyn.pl\/index.php\/wp-json\/wp\/v2\/pages\/1146\/revisions"}],"predecessor-version":[{"id":4311,"href":"https:\/\/mp2kwidzyn.pl\/index.php\/wp-json\/wp\/v2\/pages\/1146\/revisions\/4311"}],"wp:attachment":[{"href":"https:\/\/mp2kwidzyn.pl\/index.php\/wp-json\/wp\/v2\/media?parent=1146"}],"curies":[{"name":"wp","href":"https:\/\/api.w.org\/{rel}","templated":true}]}}