{"id":1152,"date":"2025-03-19T07:59:16","date_gmt":"2025-03-19T07:59:16","guid":{"rendered":"https:\/\/mp2kwidzyn.pl\/?page_id=1152"},"modified":"2026-01-20T20:32:42","modified_gmt":"2026-01-20T20:32:42","slug":"zajecia-dodatkowe","status":"publish","type":"page","link":"https:\/\/mp2kwidzyn.pl\/index.php\/zajecia-dodatkowe\/","title":{"rendered":"Zaj\u0119cia dodatkowe"},"content":{"rendered":"<p style=\"text-align: left;\"><img loading=\"lazy\" decoding=\"async\" class=\"size-full wp-image-665 alignleft\" src=\"https:\/\/mp2kwidzyn.pl\/wp-content\/uploads\/2025\/02\/logozolowkiem.png\" alt=\"\" width=\"212\" height=\"97\" \/><\/p>\n<p style=\"text-align: left;\">\n<p>&nbsp;<\/p>\n<p>&nbsp;<\/p>\n<p>&nbsp;<\/p>\n<p><strong>Zaj\u0119cia dodatkowe<\/strong>:<\/p>\n<p>Prowadzimy bezp\u0142atne zaj\u0119cia edukacyjne:<\/p>\n<ul>\n<li>zaj\u0119cia z klockami <strong>CORBO<\/strong> &#8211; pomy\u015bl, zbuduj, zakr\u0119\u0107<\/li>\n<li><strong>kodowanie<\/strong> na dywanie,<\/li>\n<li>zaj\u0119cia z elementami <strong>sensoplastyki<\/strong>,<\/li>\n<li>zaj\u0119cia <strong>terapeutyczne<\/strong> wspieraj\u0105ce <strong>rozw\u00f3j emocjonalny<\/strong> dzieci,<\/li>\n<li>kulinarne z elementami <strong>zdrowego \u017cywienia<\/strong>,<\/li>\n<li><strong>koduj<\/strong> z Zosi\u0105,<\/li>\n<li><strong>bajkoterapii<\/strong>,<\/li>\n<li>zaj\u0119cia <strong>sportowe<\/strong>,<\/li>\n<li>zabawy <strong>czytelnicze<\/strong>,<\/li>\n<li>plastyczne z elementami <strong>arteterapii<\/strong>, <strong>origami<\/strong>,<\/li>\n<li><strong>multimedialne<\/strong> z <strong>tabletami<\/strong>,<\/li>\n<li>zaj\u0119cia z <strong>robotyki<\/strong>,<\/li>\n<li>zaj\u0119cia z wykorzystaniem <strong>tablicy multimedialnej<\/strong>,<\/li>\n<li>multimedialne &#8211; edukacyjne z innowacyjn\u0105 i<strong> interaktywn\u0105 \u015bciank\u0105 Knoocker<\/strong>,<\/li>\n<li>rozwijaj\u0105ce wg systemu <strong>Edukacja Przez Ruch<\/strong>,<\/li>\n<li>z zakresu <strong>ekologii<\/strong>,<\/li>\n<li>z j\u0119zyka <strong>angielskiego<\/strong>,<\/li>\n<li><strong>religii<\/strong>.<\/li>\n<\/ul>\n<p>W przedszkolu prowadzone s\u0105 zaj\u0119cia specjalistyczne:<\/p>\n<ul>\n<li>zaj\u0119cia <strong>kompensacyjno-korekcyjne<\/strong>,<\/li>\n<li>zaj\u0119cia <strong>logopedyczne<\/strong> grupowe i indywidualne,<\/li>\n<li>zaj\u0119cia rozwijaj\u0105ce<strong> kompetencje emocjonalno-spo\u0142eczne<\/strong>,<\/li>\n<li>zaj\u0119cia <strong>edukacyjno-terapeutyczne<\/strong>,<\/li>\n<li>\u0107wiczenia <strong>relaksacyjne<\/strong>.<\/li>\n<\/ul>\n<p>Prowadzimy zaj\u0119cia wzbogacone o metody wspieraj\u0105ce, min:<\/p>\n<ul>\n<li>aktywne s\u0142uchanie <strong>muzyki<\/strong> metod\u0105 <strong>Batii Strauss<\/strong>,<\/li>\n<li>pedagogika zabawy <strong>Klanza<\/strong>,<\/li>\n<li>dzieci\u0119ca matematyka wg. koncepcji <strong>prof. E. Gruszczyk-Kolczy\u0144skiej<\/strong>,<\/li>\n<li>metoda <strong>Ruchu Rozwijaj\u0105cego Weroniki Sherborne<\/strong>.<\/li>\n<\/ul>\n<p>Nasz\u0105 ofert\u0119 wzbogacamy r\u00f3wnie\u017c o programy w\u0142asne, min:<\/p>\n<ul>\n<li>z sensoryk\u0105 na ty,<\/li>\n<li>niezwyk\u0142a moc bajek,<\/li>\n<li>multimedialne zabawy dla smyka,<\/li>\n<li>kolorowa muzyka &#8211; zabawy z bum bum rurkami,<\/li>\n<li>muzyka, rytm, taniec,<\/li>\n<li>zaj\u0119cia rytmiczne z instrumentami,<\/li>\n<li>poznajemy \u015bwiat zmys\u0142ami,<\/li>\n<li>to ciekawe &#8211; zaj\u0119cia badawcze,<\/li>\n<li>zaj\u0119cia muzyczno-ruchowe z j\u0119zykiem angielskim,<\/li>\n<\/ul>\n","protected":false},"excerpt":{"rendered":"<p>&nbsp; &nbsp; &nbsp; Zaj\u0119cia dodatkowe: Prowadzimy bezp\u0142atne zaj\u0119cia edukacyjne: zaj\u0119cia z klockami CORBO &#8211; pomy\u015bl, zbuduj, zakr\u0119\u0107 kodowanie na dywanie, zaj\u0119cia z elementami sensoplastyki, zaj\u0119cia terapeutyczne wspieraj\u0105ce rozw\u00f3j emocjonalny dzieci, kulinarne z elementami zdrowego \u017cywienia, koduj z Zosi\u0105, bajkoterapii, zaj\u0119cia sportowe, zabawy czytelnicze, plastyczne z elementami arteterapii, origami, multimedialne z tabletami, zaj\u0119cia z robotyki, zaj\u0119cia &hellip; <\/p>\n<p class=\"link-more\"><a href=\"https:\/\/mp2kwidzyn.pl\/index.php\/zajecia-dodatkowe\/\" class=\"more-link\">Continue reading<span class=\"screen-reader-text\"> &#8222;Zaj\u0119cia dodatkowe&#8221;<\/span><\/a><\/p>\n","protected":false},"author":1,"featured_media":0,"parent":0,"menu_order":0,"comment_status":"closed","ping_status":"closed","template":"","meta":{"footnotes":""},"class_list":["post-1152","page","type-page","status-publish","hentry"],"_links":{"self":[{"href":"https:\/\/mp2kwidzyn.pl\/index.php\/wp-json\/wp\/v2\/pages\/1152","targetHints":{"allow":["GET"]}}],"collection":[{"href":"https:\/\/mp2kwidzyn.pl\/index.php\/wp-json\/wp\/v2\/pages"}],"about":[{"href":"https:\/\/mp2kwidzyn.pl\/index.php\/wp-json\/wp\/v2\/types\/page"}],"author":[{"embeddable":true,"href":"https:\/\/mp2kwidzyn.pl\/index.php\/wp-json\/wp\/v2\/users\/1"}],"replies":[{"embeddable":true,"href":"https:\/\/mp2kwidzyn.pl\/index.php\/wp-json\/wp\/v2\/comments?post=1152"}],"version-history":[{"count":5,"href":"https:\/\/mp2kwidzyn.pl\/index.php\/wp-json\/wp\/v2\/pages\/1152\/revisions"}],"predecessor-version":[{"id":4325,"href":"https:\/\/mp2kwidzyn.pl\/index.php\/wp-json\/wp\/v2\/pages\/1152\/revisions\/4325"}],"wp:attachment":[{"href":"https:\/\/mp2kwidzyn.pl\/index.php\/wp-json\/wp\/v2\/media?parent=1152"}],"curies":[{"name":"wp","href":"https:\/\/api.w.org\/{rel}","templated":true}]}}