{"id":1163,"date":"2025-03-19T09:03:19","date_gmt":"2025-03-19T09:03:19","guid":{"rendered":"https:\/\/mp2kwidzyn.pl\/?page_id=1163"},"modified":"2026-01-28T19:53:52","modified_gmt":"2026-01-28T19:53:52","slug":"grupy-w-roku-szkolnym-2024-2025","status":"publish","type":"page","link":"https:\/\/mp2kwidzyn.pl\/index.php\/grupy-w-roku-szkolnym-2024-2025\/","title":{"rendered":"Grupy w roku szkolnym 2025\/2026"},"content":{"rendered":"<p><strong>Opisy grup w roku szkolnym 2025\/2026<\/strong>:<\/p>\n<hr \/>\n<h2><strong><img loading=\"lazy\" decoding=\"async\" class=\"size-full wp-image-4342 alignleft\" src=\"https:\/\/mp2kwidzyn.pl\/wp-content\/uploads\/2026\/01\/klapouch.png\" alt=\"\" width=\"162\" height=\"150\" \/>K\u0142apouchy<\/strong><\/h2>\n<div>Wychowawca:<strong>\u00a0Anna S\u0142owik<br \/>\n<\/strong>Pomoc nauczyciela:\u00a0<strong>Ilona Zwidryn<\/strong><\/div>\n<p>&nbsp;<\/p>\n<div>K\u0142apouchy\u00a0to grupa pe\u0142na\u00a0<strong>pomys\u0142\u00f3w<\/strong>\u00a0i\u00a0<strong>\u015bmiechu<\/strong>\u00a0\u2013 jakby ka\u017cdy z nas mia\u0142 w sobie\u00a0<strong>ma\u0142ego odkrywc\u0119<\/strong>\u00a0i\u00a0<strong>artyst\u0119<\/strong>\u00a0jednocze\u015bnie!\u00a0W naszej grupie\u00a0<strong>energii<\/strong>\u00a0jest tyle, \u017ce mogliby\u015bmy zasili\u0107 ca\u0142e przedszkole! Ka\u017cdego dnia\u00a0<strong>bawimy<\/strong>\u00a0<strong>si\u0119<\/strong>,\u00a0<strong>uczymy<\/strong>\u00a0i\u00a0<strong>poznajemy<\/strong>\u00a0\u015bwiat. Literek uczymy si\u0119 z pomoc\u0105\u00a0<em><strong>Metody Dobrego Startu<\/strong><\/em>, a nasz\u0105\u00a0<strong>ciekawo\u015b\u0107<\/strong>\u00a0rozwijamy w projektach:\u00a0<em><strong>Kubusiowi Przyjaciele Natury<\/strong><\/em>,\u00a0<strong><em>Kwadrans z bajk\u0105<\/em><\/strong>\u00a0oraz\u00a0<strong><em>Kodowanie na dywanie<\/em><\/strong>. Nad naszym codziennym, wiruj\u0105cym\u00a0<strong>\u015bwiatem rado\u015bci<\/strong>\u00a0czuwaj\u0105 niezast\u0105pione\u00a0<strong>Pani Ania<\/strong>\u00a0i\u00a0<strong>Pani Natalia<\/strong>\u00a0\u2013 mistrzynie\u00a0<strong>cierpliwo\u015bci<\/strong>,\u00a0<strong>czu\u0142o\u015bci<\/strong>\u00a0i dobrego\u00a0<strong>humoru<\/strong>.<br \/>\nWspieraj\u0105 je wspania\u0142e\u00a0<strong>Pani Ilona<\/strong>\u00a0i\u00a0<strong>Pani Kasia<\/strong>, kt\u00f3re zawsze s\u0142u\u017c\u0105\u00a0<strong>pomoc\u0105<\/strong>,\u00a0<strong>u\u015bmiechem<\/strong>\u00a0i dobr\u0105\u00a0<strong>energi\u0105<\/strong>.<br \/>\nW takim zespole nawet najbardziej\u00a0<strong>rozbrykane K\u0142apouchy<\/strong>\u00a0potrafi\u0105 si\u0119 zatrzyma\u0107\u2026 cho\u0107by na chwilk\u0119!<\/div>\n<h2><strong style=\"color: #666666; font-size: 1.25rem;\">\u00a0<\/strong><\/h2>\n<hr \/>\n<h2><img loading=\"lazy\" decoding=\"async\" class=\"size-full wp-image-4259 alignleft\" src=\"https:\/\/mp2kwidzyn.pl\/wp-content\/uploads\/2026\/01\/jez.png\" alt=\"\" width=\"150\" height=\"150\" \/><strong>Je\u017cyki &#8211; 3 latki <\/strong><\/h2>\n<p>Wychowawca: <strong>Paulina \u015aliwi\u0144ska<\/strong><br \/>\nPomoc nauczyciela: <strong>Jolanta Kobylaniec<\/strong><\/p>\n<p style=\"text-align: left;\">Grupa\u00a0<strong>Je\u017cyki<\/strong>\u00a0to grupa dzieci trzyletnich. Grupa liczy\u00a0<strong>16 przedszkolak\u00f3w<\/strong>,\u00a0<strong>10 dziewczynek<\/strong>\u00a0oraz\u00a0<strong>6 ch\u0142opc\u00f3w<\/strong>. Maluszki ch\u0119tnie chodz\u0105 do przedszkola, bardzo dobrze przesz\u0142y okres adaptacji. Codziennie z ochot\u0105 bior\u0105 udzia\u0142 w zaj\u0119ciach. Je\u017cyki uwielbiaj\u0105 przebywa\u0107 na\u00a0<strong>\u015bwie\u017cym powietrzu<\/strong>, gdzie\u00a0<strong>spacerujemy<\/strong>\u00a0i\u00a0<strong>bawimy si\u0119<\/strong>\u00a0na przedszkolnym placu zabaw. Dzieci s\u0105\u00a0<strong>weso\u0142e<\/strong>,\u00a0<strong>pogodne<\/strong>\u00a0i niesamowicie\u00a0<strong>ciekawe \u015bwiata<\/strong>, a my codziennie staramy si\u0119 t\u0105 ciekawo\u015b\u0107 zaspokoi\u0107. Ulubionymi zaj\u0119ciami Je\u017cyk\u00f3w s\u0105\u00a0<strong>zabawy rytmiczne<\/strong>,\u00a0<strong>muzyczno<\/strong>\u2013<strong>ruchowe<\/strong>\u00a0oraz\u00a0<strong>sensoryczne<\/strong>\u00a0i\u00a0<strong>plastyczne<\/strong>. Maluchy s\u0105\u00a0<strong>prawdziwymi artystami<\/strong>\u00a0a ka\u017cdy kolejny dzie\u0144 w naszym przedszkolu pozwala rozwin\u0105\u0107 ich\u00a0<strong>potencja\u0142<\/strong>\u00a0i podwaja\u0107 ich\u00a0<strong>mo\u017cliwo\u015bci<\/strong>. W grupie stawiamy\u00a0<strong>nacisk na<\/strong>\u00a0<strong>indywidualno\u015b\u0107<\/strong>, ka\u017cdy z ma\u0142ych zuch\u00f3w ma u nas swoje miejsce i ka\u017cdy jest\u00a0<strong>wyj\u0105tkowy<\/strong>\u00a0na sw\u00f3j w\u0142asny, niepowtarzalny spos\u00f3b. A my ka\u017cdego dnia z wielkim\u00a0<strong>u\u015bmiechem<\/strong>\u00a0i\u00a0<strong>serdeczno\u015bci\u0105<\/strong>\u00a0staramy si\u0119 t\u0119 wyj\u0105tkowo\u015b\u0107\u00a0<strong>piel\u0119gnowa\u0107<\/strong>. Program, kt\u00f3ry realizujemy w grupie to \u201c<em><strong>Dobrym Pomys\u0142!<\/strong><\/em>\u201d wydawnictwa\u00a0<strong>WSiP<\/strong>. Bierzemy r\u00f3wnie\u017c udzia\u0142 w og\u00f3lnopolskim projekcie pod patronatem \u201e<strong>Bli\u017cej Przedszkole\u201d<\/strong>\u00a0pod nazw\u0105 \u201c<strong>Czuciaki<\/strong>\u201d, kt\u00f3ry pomaga Je\u017cykom rozwin\u0105\u0107 ich\u00a0<strong>kompetencje emocjonalne<\/strong>\u00a0i uczy\u00a0<strong>radzenia sobie<\/strong>\u00a0i rozumienia swoich emocji.<\/p>\n<hr \/>\n<h2><img loading=\"lazy\" decoding=\"async\" class=\"size-full wp-image-4258 alignleft\" src=\"https:\/\/mp2kwidzyn.pl\/wp-content\/uploads\/2026\/01\/owl.png\" alt=\"\" width=\"150\" height=\"150\" \/><strong>S\u00f3wki &#8211; 3 latki<\/strong><\/h2>\n<p>Nauczyciel: <strong>Katarzyna G\u0142owacka-Talar<br \/>\n<\/strong><em>Pomoc nauczyciela:<\/em><strong><em> Edyta Olszewska<\/em><\/strong><\/p>\n<p>Jeste\u015bmy <strong>najm\u0142odszymi<\/strong> dzie\u0107mi w naszym przedszkolu, <strong>mamy dopiero 3 lata<\/strong>, kontynuujemy \u00a0<strong>przygod\u0119<\/strong> w przedszkolu. Jeste\u015bmy <strong>ciekawi<\/strong> \u015bwiata, lubimy <strong>bajki<\/strong>, <strong>opowie\u015bci<\/strong> i <strong>teatrzyki<\/strong> oraz <strong>zabaw\u0119<\/strong> na \u015bwie\u017cym powietrzu. <strong>Interesujemy<\/strong> si\u0119 wszystkim, co nas otacza. Ch\u0119tnie <strong>uczymy<\/strong> si\u0119 <strong>wierszy<\/strong>, <strong>rymowanek<\/strong> i <strong>piosenek<\/strong> podpartych <strong>ruchem<\/strong> i <strong>ta\u0144cem<\/strong>. Uczymy si\u0119 <strong>my\u015ble\u0107<\/strong>, <strong>m\u00f3wi\u0107<\/strong>, <strong>s\u0142ucha\u0107<\/strong> i <strong>rozumie\u0107<\/strong>. Jeste\u015bmy <strong>\u017cywio\u0142owi<\/strong>, a ka\u017cde z nas jest <strong>indywidualne<\/strong>, <strong>niepowtarzalne<\/strong>. Mimo, i\u017c r\u00f3\u017cnimy si\u0119 od siebie to tworzymy <strong>fajny<\/strong> i <strong>zgrany zesp\u00f3\u0142<\/strong>. Lubimy wsp\u00f3lnie sp\u0119dza\u0107 czas na nauce i zabawie. Staramy si\u0119 by\u0107 <strong>samodzielni<\/strong>, chocia\u017c nie zawsze nam to wychodzi. Po dniu wype\u0142nionym aktywno\u015bci\u0105 <strong>odpoczywamy<\/strong>, <strong>s\u0142uchaj\u0105c muzyki<\/strong> relaksacyjnej lub<strong> bajek terapeutycznych<\/strong>.<\/p>\n<hr \/>\n<h2><img loading=\"lazy\" decoding=\"async\" class=\"size-full wp-image-4274 alignleft\" src=\"https:\/\/mp2kwidzyn.pl\/wp-content\/uploads\/2026\/01\/butterf.png\" alt=\"\" width=\"150\" height=\"150\" \/><strong>Motylki &#8211; 4 latki<\/strong><\/h2>\n<p>Wychowawca: <strong>Magdalena Jankowska<br \/>\n<\/strong>Pomoc nauczyciela: <strong>Bo\u017cena Bobkowska<\/strong>, Monika<strong> Guziewicz<\/strong><\/p>\n<p>4-latki z grupy <strong>Motylki<\/strong> to <strong>ciekawe \u015bwiata<\/strong> dzieciaki. G\u0142owy maj\u0105 pe\u0142ne niesamowitych <strong>pomys\u0142\u00f3w<\/strong>. Uwielbiaj\u0105 <strong>aktywno\u015bci<\/strong> na \u015bwie\u017cym powietrzu. Grupa liczy 24 dzieci &#8211; <strong>12 dziewczynek<\/strong> i <strong>12 ch\u0142opc\u00f3w<\/strong>. Praca w grupie w roku przedszkolnym 2025\/2026 opiera\u0107 b\u0119dzie si\u0119 na programie wyd.<strong>MacEdukacja<\/strong><br \/>\ni propozycji <em>W przedszkolu naturalnie<\/em>. <strong>Rozwijanie umiej\u0119tno\u015bci<\/strong> odb\u0119dzie si\u0119 we wsparciu projekt\u00f3w \u00a0i innowacji: <strong>Ma\u0142y Mi\u015b<\/strong> <strong>w \u015bwiecie wielkiej literatury<\/strong>, #<strong>20minutdla MATEMATYKI<\/strong>, <strong>Jak m\u00f3wi\u0107 o niepe\u0142nosprawno\u015bci?<\/strong>, <strong>Poznajemy \u015bwiat z Puciem w terenie<\/strong>, <strong>Uwa\u017cno\u015b\u0107 Motyla <\/strong>&#8211; joga i uwa\u017cno\u015b\u0107<br \/>\ndla dzieci i rodzic\u00f3w, a\u00a0 dodatkowo oferta wzbogacona zostanie o elementy <strong>pedagogiki Montessori<\/strong>.<\/p>\n<p>Realizowany projekt: Mi\u0119dzynarodowy Projekt Edukacyjny ,,<strong>KOLOROWE UCZUCIA GUCIA<\/strong>\u2019\u2019 rok szkolny <strong>2025\/2026<\/strong><\/p>\n<hr \/>\n<h2><strong><img loading=\"lazy\" decoding=\"async\" class=\"size-full wp-image-4264 alignleft\" src=\"https:\/\/mp2kwidzyn.pl\/wp-content\/uploads\/2026\/01\/frog.png\" alt=\"\" width=\"150\" height=\"150\" \/>\u017babki &#8211; 4 latki<\/strong><\/h2>\n<p>W naszej sali s\u0142ycha\u0107 \u015bmiech, rozmowy i tupot st\u00f3p. To \u201e<strong>\u017babki<\/strong>\u201d- radosna grupa <strong>czterolatk\u00f3w<\/strong>, kt\u00f3re ka\u017cdego dnia razem z pani\u0105 T<strong>eres\u0105 \u017bura\u0144sk\u0105<\/strong> i <strong>Magdalen\u0105 Choma<\/strong> odkrywaj\u0105 \u015bwiat na sw\u00f3j <strong>wyj\u0105tkowy<\/strong> spos\u00f3b. Ka\u017cdy poranek zaczynamy od <strong>wsp\u00f3lnego kr\u0119gu <\/strong>&#8211; to czas kiedy uczymy si\u0119 <strong>s\u0142ucha\u0107<\/strong> siebie nawzajem, dzieli\u0107 <strong>emocjami<\/strong> i wsp\u00f3lnie planowa\u0107 dzie\u0144. Dzieci wiedz\u0105, \u017ce w naszej grupie <strong>ka\u017cdy g\u0142os jest wa\u017cny<\/strong>, a <strong>wsp\u00f3\u0142praca<\/strong> to klucz do dobrej zabawy. Podczas zaj\u0119\u0107 \u201e\u017babki\u201d zmieniaj\u0105 si\u0119 w ma\u0142ych <strong>artyst\u00f3w<\/strong>, <strong>odkrywc\u00f3w<\/strong> i <strong>budowniczych<\/strong>.<br \/>\nZ kolorowych klock\u00f3w powstaj\u0105 bajkowe miasta, a na papierze obrazy niczym dzie\u0142a z najznamienitszych galerii sztuki.\u00a0 Ka\u017cda <strong>aktywno\u015b\u0107<\/strong> to okazja do rozwijania <strong>wyobra\u017ani<\/strong> i <strong>uczenia<\/strong> si\u0119 poprzez <strong>dzia\u0142anie<\/strong>. Nie brakuje te\u017c <strong>ruchu<\/strong>! Weso\u0142e <strong>zabawy na dywanie<\/strong> i w <strong>ogrodzie<\/strong> czy te\u017c <strong>spacery<\/strong> to czas kiedy dzieci ucz\u0105 si\u0119 <strong>wsp\u00f3\u0142pracy<\/strong>, zasad<strong> fair play<\/strong> i <strong>troski<\/strong> o innych. Kiedy jedna \u017babka upadnie, druga od razu podaje jej r\u0119k\u0119 &#8211; bo w naszej grupie <strong>dobro<\/strong> i <strong>bezpiecze\u0144stwo<\/strong> id\u0105 w parze z <strong>rado\u015bci\u0105<\/strong>. Ka\u017cdy dzie\u0144 w grupie \u201e\u017babki\u201d to <strong>ma\u0142a przygoda<\/strong> &#8211; czasem pe\u0142na <strong>farb<\/strong>, czasem <strong>piosenek<\/strong>, czasem, cichego <strong>skupienia<\/strong> przy wsp\u00f3lnym <strong>czytaniu bajek<\/strong>. Dzieci ucz\u0105 si\u0119, \u017ce razem mo\u017cna wi\u0119cej, a przedszkole to miejsce, w kt\u00f3rym mo\u017cna czu\u0107 si\u0119 <strong>bezpiecznie<\/strong>, <strong>swobodnie<\/strong> i <strong>szcz\u0119\u015bliwie<\/strong>.<\/p>\n<p><em>Bo w \u017babkach wierzymy, \u017ce dzieci najlepiej ucz\u0105 si\u0119 wtedy, gdy czuj\u0105 si\u0119 kochane i rozumiane.<\/em><\/p>\n<h2><strong><img loading=\"lazy\" decoding=\"async\" class=\"size-full wp-image-4278 alignleft\" src=\"https:\/\/mp2kwidzyn.pl\/wp-content\/uploads\/2026\/01\/fox-9911275_640.png\" alt=\"\" width=\"150\" height=\"150\" \/>Liski &#8211; 5 latki<\/strong><\/h2>\n<p><strong>Sprytne Liski<\/strong> z grupy 5 latk\u00f3w, ucz\u0119szczaj\u0105 do\u00a0 <strong>Miejskiego Przedszkola nr 2 w Kwidzynie<\/strong>. Ka\u017cdy dzie\u0144 w przedszkolu to dla nas nowa, <strong>weso\u0142a przygoda<\/strong>! Opiekuj\u0105 si\u0119 nami pani <strong>Weronika Pacholczyk<\/strong> i <strong>S\u0142awomira Lipska<\/strong>. Liski s\u0105 <strong>sprytne<\/strong>, <strong>ciekawe<\/strong> \u015bwiata i zawsze <strong>ch\u0119tne<\/strong> do zabawy! W przedszkolu <strong>uczymy si\u0119 przez zabaw\u0119<\/strong> i <strong>bawimy si\u0119 ucz\u0105c<\/strong>. <strong>Poznajemy<\/strong> \u015bwiat, <strong>uczymy<\/strong> si\u0119 samodzielno\u015bci i zawsze <strong>pami\u0119tamy<\/strong>, \u017ceby pomaga\u0107 sobie nawzajem. Na zaj\u0119ciach <strong>\u015bpiewamy<\/strong>, <strong>ta\u0144czymy<\/strong>, <strong>malujemy<\/strong> i <strong>wycinamy<\/strong>, ale najbardziej lubimy <strong>zabawy matematyczne<\/strong> oraz zaj\u0119cia w naszym <strong>Cyfrowym Laboratorium<\/strong>, gdzie z pomoc\u0105 tablet\u00f3w odkrywamy tajemnice <strong>technologii<\/strong>, \u0107wiczymy <strong>spostrzegawczo\u015b\u0107<\/strong>, logiczne <strong>my\u015blenie<\/strong> i rozwijamy <strong>wyobra\u017ani\u0119<\/strong>. \u00a0Uczestniczymy tak\u017ce w edukacji <strong>zdrowotnej<\/strong>, gdzie poznajemy zasady <strong>zdrowego od\u017cywiania<\/strong> i uczymy si\u0119, jak <strong>dba\u0107 o siebie<\/strong>, by by\u0107 silnymi i radosnymi. Dzi\u0119ki projektowi \u201e<em><strong>Plastu\u015b weso\u0142y zaprowadzi nas do szko\u0142y<\/strong><\/em>\u201d poznajemy tajemnice <strong>literatury<\/strong>, wzmacniamy <strong>my\u015blenie logiczne<\/strong> i rozwijamy nasz\u0105 <strong>fantazj\u0119<\/strong> oraz <strong>ciekawo\u015b\u0107<\/strong> \u015bwiata. Bardzo lubimy <strong>spacery<\/strong> i <strong>zabawy<\/strong> w ogrodzie przedszkolnym. Dbamy o nasz\u0105 sal\u0119 \u2013 <strong>sprz\u0105tamy<\/strong> zabawki i <strong>pomagamy<\/strong> w jej ozdabianiu i dekorowaniu. Po dniu pe\u0142nym zabawy i nauki przychodzi czas na <strong>odpoczynek<\/strong> \u2013 wtedy <strong>s\u0142uchamy<\/strong> bajek i muzyki, by nabra\u0107 si\u0142 na kolejne przygody. W naszym przedszkolu czujemy si\u0119 <strong>bezpiecznie<\/strong>, <strong>rado\u015bnie<\/strong> i <strong>wyj\u0105tkowo<\/strong>, bo ka\u017cdy dzie\u0144 z Liskami to nowa przygoda pe\u0142na u\u015bmiechu i odkry\u0107!<\/p>\n<hr \/>\n<h2><strong><img loading=\"lazy\" decoding=\"async\" class=\"size-full wp-image-4266 alignleft\" src=\"https:\/\/mp2kwidzyn.pl\/wp-content\/uploads\/2025\/02\/pszczolki.png\" alt=\"\" width=\"150\" height=\"150\" \/>Pszcz\u00f3\u0142ki &#8211; 5 latki<\/strong><\/h2>\n<p>Wychowawca Grupy: <strong>Katarzyna Grabowska<br \/>\n<\/strong>Pomoc Nauczyciela:<strong> Anna Ja\u015btak<\/strong><\/p>\n<p>Nasza grupa to dzieci, kt\u00f3re <strong>bardzo ch\u0119tnie<\/strong> ucz\u0119szczaj\u0105 do przedszkola.<br \/>\nS\u0105 <strong>pogodne<\/strong>, <strong>otwarte<\/strong>, <strong>ciekawe<\/strong> i <strong>aktywne<\/strong>. Przedszkolaki bardzo lubi\u0105 <strong>gry<\/strong> i <strong>zabawy ruchowe<\/strong> organizowane na terenie. Ch\u0119tnie <strong>ucz\u0105 si\u0119<\/strong> zasad obowi\u0105zuj\u0105cych w grupie, s\u0105 <strong>samodzielne<\/strong> i <strong>kole\u017ce\u0144skie<\/strong>. Ka\u017cdy dzie\u0144 wype\u0142niony jest radosn\u0105 <strong>zabaw\u0105<\/strong> i <strong>rado\u015bci\u0105<\/strong>, dzi\u0119ki czemu <strong>u\u015bmiech<\/strong> nie znika z dzieci\u0119cych twarzy. <strong>Edukacja<\/strong> \u0142\u0105czy si\u0119 z <strong>zabaw\u0105<\/strong>, przez co dzieci zdobywaj\u0105 nowe <strong>wiadomo\u015bci<\/strong> i <strong>umiej\u0119tno\u015bci<\/strong>.<\/p>\n<hr \/>\n<h2><strong><img loading=\"lazy\" decoding=\"async\" class=\"size-full wp-image-4270 alignleft\" src=\"https:\/\/mp2kwidzyn.pl\/wp-content\/uploads\/2025\/02\/tiger.png\" alt=\"\" width=\"224\" height=\"150\" \/>Tygryski &#8211; 6 latki<\/strong><\/h2>\n<p>Grupa realizuje <strong>przygod\u0119 przedszkoln\u0105<\/strong> wsp\u00f3lnie ju\u017c czwarty rok. Dzieci s\u0105 bardzo <strong>z\u017cyte<\/strong>, dobrze si\u0119 znaj\u0105. Tygryski s\u0105 <strong>samodzielne<\/strong>, <strong>ch\u0119tnie<\/strong> <strong>nawi\u0105zuj\u0105 kontakty<\/strong> z r\u00f3wie\u015bnikami oraz personelem przedszkola. Staraj\u0105 si\u0119 <strong>podporz\u0105dkowa\u0107<\/strong> ustalonym zasadom w grupie. Tworz\u0105 <strong>zgrany \u017cywio\u0142owy zesp\u00f3\u0142<\/strong>, ch\u0119tnie <strong>wykonuj\u0105<\/strong> powierzone im zadania. W trudnych sytuacjach odwa\u017cnie <strong>zwracaj\u0105 si\u0119 o pomoc<\/strong> do nauczyciela, Wszystkie dzieci <strong>uczestnicz\u0105<\/strong> w zaj\u0119ciach organizowanych, \u015bmia\u0142o <strong>bior\u0105 udzia\u0142<\/strong> w uroczysto\u015bciach przedszkolnych.<\/p>\n<p>Aby pobudzi\u0107 dzieci do dzia\u0142ania w pracy wykorzystywane s\u0105 r\u00f3\u017cne <strong>metody aktywizuj\u0105ce<\/strong> dzieci oparte na dzia\u0142aniu <strong>praktycznym<\/strong>, <strong>obserwacji<\/strong>, <strong>odkrywaniu<\/strong>, <strong>prze\u017cywaniu<\/strong>, daj\u0105c niewymierne rezultaty widoczne w <strong>rozwoju<\/strong> dzieci.<\/p>\n<p>Dzieci <strong>bezproblemowo<\/strong> radz\u0105 sobie w nowych <strong>sytuacjach<\/strong> przedszkolnych<\/p>\n<p>Niezwykle wa\u017cna dla prawid\u0142owego rozwoju dziecka jest <strong>wsp\u00f3\u0142praca rodzic\u00f3w<\/strong> z nauczycielem oraz przedszkolem, w wypadku grupy Tygryska wsp\u00f3\u0142praca z rodzicami jest bardzo <strong>owocna<\/strong>, wykazuje ogromne <strong>zaanga\u017cowanie<\/strong> i wk\u0142ad pracy rodzic\u00f3w na rzecz grupy i przedszkola.<\/p>\n<p>Wychowawca:\u00a0mgr<strong> Ewa Paw\u0142owska<br \/>\n<\/strong>pomoc nauczyciela:<strong> Krystyna Zbyszy\u0144ska<br \/>\n<\/strong><\/p>\n<hr \/>\n<h2><strong><img loading=\"lazy\" decoding=\"async\" class=\"size-full wp-image-4272 alignleft\" src=\"https:\/\/mp2kwidzyn.pl\/wp-content\/uploads\/2026\/01\/bear.png\" alt=\"\" width=\"150\" height=\"150\" \/>Misie &#8211; 6 latki<\/strong><\/h2>\n<div class=\"default-style\">Wychowawca:<strong> Agnieszka Gudowska<\/strong><\/div>\n<div class=\"default-style\">Pomoc nauczyciela: <strong>Iwona Strzelecka<\/strong><\/div>\n<div><\/div>\n<p>Dzieci <strong>ch\u0119tnie ucz\u0119szczaj\u0105<\/strong> do przedszkola, s\u0105 <strong>otwarte<\/strong>, <strong>pogodne<\/strong>, <strong>ciekawe<\/strong> i bardzo <strong>aktywne<\/strong> zar\u00f3wno podczas <strong>zabaw<\/strong> dowolnych, jak i <strong>zaj\u0119\u0107<\/strong> dydaktycznych. Bardzo lubi\u0105 r\u00f3\u017cnego rodzaju <strong>gry<\/strong> i <strong>zabawy ruchowe<\/strong> organizowane w <strong>sali<\/strong> przedszkolnej oraz na <strong>placu<\/strong> zabaw. Przedszkolaki c<strong>odziennie przebywaj\u0105 na \u015bwie\u017cym\u00a0powietrzu<\/strong>, a tak\u017ce systematycznie bior\u0105 udzia\u0142 w <strong>spacerach<\/strong> wok\u00f3\u0142 przedszkola, podczas kt\u00f3rych ucz\u0105 si\u0119 <strong>zasad bezpiecze\u0144stwa<\/strong>. Do ulubionych zaj\u0119\u0107 naszych dzieci \u00a0nale\u017c\u0105 r\u00f3wnie\u017c z<strong>aj\u0119cia rytmiczne<\/strong>, z<strong>abawy muzyczno-ruchowe<\/strong> z przyborami, <strong>taneczne<\/strong>, <strong>matematyczne<\/strong>, <strong>plastyczne<\/strong>, kr\u00f3tkie <strong>zaj\u0119cia logopedyczne<\/strong> (,,<em>Gimnastyka buzi i j\u0119zyka<\/em>\u201d). Ch\u0119tnie ucz\u0105 si\u0119 nowych <strong>wierszyk\u00f3w<\/strong> , <strong>piosenek<\/strong> i <strong>rymowanek<\/strong>. Lubi\u0105 zabawy w k\u0105cikach <strong>zainteresowa\u0144<\/strong>, <strong>sensoryczne<\/strong> i <strong>interaktywne<\/strong> (<em>Knoocker<\/em>). Ka\u017cdy dzie\u0144 w grupie wype\u0142niony jest <strong>radosn\u0105 zabaw\u0105<\/strong>, <strong>zaj\u0119ciami edukacyjnymi<\/strong>, <strong>poobiednim odpoczynkiem<\/strong>, a tak\u017ce <strong>wyj\u015bciem na plac przedszkolny<\/strong>, dzi\u0119ki temu <strong>u\u015bmiech<\/strong> nie znika z dzieci\u0119cych twarzy. <strong>Edukacja<\/strong> \u0142\u0105czy si\u0119 z <strong>zabaw\u0105<\/strong>, przez co dzieci zdobywaj\u0105 nowe <strong>wiadomo\u015bci<\/strong> i <strong>umiej\u0119tno\u015bci<\/strong>. Podczas czasu sp\u0119dzonego w przedszkolu nasze przedszkolaki poszerzaj\u0105 swoj\u0105 <strong>wiedz\u0119<\/strong>, <strong>ucz\u0105 si\u0119 samodzielno\u015bci<\/strong>, rozwijaj\u0105 swoje <strong>zainteresowania<\/strong>. Pobyt w naszym przedszkolu jest dla nich czasem <strong>przyjemno\u015bci<\/strong>, <strong>rado\u015bci<\/strong> i wszechstronnego <strong>rozwoju<\/strong>.<\/p>\n<hr \/>\n","protected":false},"excerpt":{"rendered":"<p>Opisy grup w roku szkolnym 2025\/2026: K\u0142apouchy Wychowawca:\u00a0Anna S\u0142owik Pomoc nauczyciela:\u00a0Ilona Zwidryn &nbsp; K\u0142apouchy\u00a0to grupa pe\u0142na\u00a0pomys\u0142\u00f3w\u00a0i\u00a0\u015bmiechu\u00a0\u2013 jakby ka\u017cdy z nas mia\u0142 w sobie\u00a0ma\u0142ego odkrywc\u0119\u00a0i\u00a0artyst\u0119\u00a0jednocze\u015bnie!\u00a0W naszej grupie\u00a0energii\u00a0jest tyle, \u017ce mogliby\u015bmy zasili\u0107 ca\u0142e przedszkole! Ka\u017cdego dnia\u00a0bawimy\u00a0si\u0119,\u00a0uczymy\u00a0i\u00a0poznajemy\u00a0\u015bwiat. Literek uczymy si\u0119 z pomoc\u0105\u00a0Metody Dobrego Startu, a nasz\u0105\u00a0ciekawo\u015b\u0107\u00a0rozwijamy w projektach:\u00a0Kubusiowi Przyjaciele Natury,\u00a0Kwadrans z bajk\u0105\u00a0oraz\u00a0Kodowanie na dywanie. Nad naszym codziennym, wiruj\u0105cym\u00a0\u015bwiatem &hellip; <\/p>\n<p class=\"link-more\"><a href=\"https:\/\/mp2kwidzyn.pl\/index.php\/grupy-w-roku-szkolnym-2024-2025\/\" class=\"more-link\">Continue reading<span class=\"screen-reader-text\"> &#8222;Grupy w roku szkolnym 2025\/2026&#8221;<\/span><\/a><\/p>\n","protected":false},"author":1,"featured_media":0,"parent":0,"menu_order":0,"comment_status":"closed","ping_status":"closed","template":"","meta":{"footnotes":""},"class_list":["post-1163","page","type-page","status-publish","hentry"],"_links":{"self":[{"href":"https:\/\/mp2kwidzyn.pl\/index.php\/wp-json\/wp\/v2\/pages\/1163","targetHints":{"allow":["GET"]}}],"collection":[{"href":"https:\/\/mp2kwidzyn.pl\/index.php\/wp-json\/wp\/v2\/pages"}],"about":[{"href":"https:\/\/mp2kwidzyn.pl\/index.php\/wp-json\/wp\/v2\/types\/page"}],"author":[{"embeddable":true,"href":"https:\/\/mp2kwidzyn.pl\/index.php\/wp-json\/wp\/v2\/users\/1"}],"replies":[{"embeddable":true,"href":"https:\/\/mp2kwidzyn.pl\/index.php\/wp-json\/wp\/v2\/comments?post=1163"}],"version-history":[{"count":37,"href":"https:\/\/mp2kwidzyn.pl\/index.php\/wp-json\/wp\/v2\/pages\/1163\/revisions"}],"predecessor-version":[{"id":4400,"href":"https:\/\/mp2kwidzyn.pl\/index.php\/wp-json\/wp\/v2\/pages\/1163\/revisions\/4400"}],"wp:attachment":[{"href":"https:\/\/mp2kwidzyn.pl\/index.php\/wp-json\/wp\/v2\/media?parent=1163"}],"curies":[{"name":"wp","href":"https:\/\/api.w.org\/{rel}","templated":true}]}}