{"id":1217,"date":"2025-03-19T14:09:52","date_gmt":"2025-03-19T14:09:52","guid":{"rendered":"https:\/\/mp2kwidzyn.pl\/?page_id=1217"},"modified":"2025-03-19T14:09:52","modified_gmt":"2025-03-19T14:09:52","slug":"ramowy-rozklad-dnia-dla-dzieci-5-6-letnich-w-miejskim-przedszkolu-nr-2-w-kwidzynie","status":"publish","type":"page","link":"https:\/\/mp2kwidzyn.pl\/index.php\/ramowy-rozklad-dnia-dla-dzieci-5-6-letnich-w-miejskim-przedszkolu-nr-2-w-kwidzynie\/","title":{"rendered":"RAMOWY ROZK\u0141AD DNIA DLA DZIECI 5-6 LETNICH W MIEJSKIM PRZEDSZKOLU NR 2 W KWIDZYNIE"},"content":{"rendered":"<p><img loading=\"lazy\" decoding=\"async\" class=\"alignnone size-full wp-image-665\" src=\"https:\/\/mp2kwidzyn.pl\/wp-content\/uploads\/2025\/02\/logozolowkiem.png\" alt=\"\" width=\"212\" height=\"97\" \/><\/p>\n<p><strong>6:15 &#8211; 7:30<\/strong> Schodzenie si\u0119 dzieci, zabawy dowolne, zabawy integracyjne.<\/p>\n<p><strong>7:30 &#8211; 8:00<\/strong> Zabawy w k\u0105cikach zainteresowa\u0144, zabawy swobodne &#8211; zabawy<br \/>\nkonstrukcyjne, manipulacyjne, tematyczne, praca indywidualna lub z zespo\u0142em<br \/>\ndzieci o charakterze stymuluj\u0105ce &#8211; kompensacyjnym.<\/p>\n<p><strong>8:00 &#8211; 8:30<\/strong> Zabawy ruchowe. Przygotowanie do \u015bniadania &#8211; czynno\u015bci<br \/>\nhigieniczne, samoobs\u0142ugowe, pe\u0142nienie dy\u017cur\u00f3w.<\/p>\n<p><strong>8:30 &#8211; 9:00<\/strong> \u015aniadanie &#8211; wpajanie zasad dobrego wychowania, wyrabianie<br \/>\nnawyk\u00f3w higieniczno &#8211; kulturalnych.<\/p>\n<p><strong>9:00 -10:00<\/strong> Zintegrowana dzia\u0142alno\u015b\u0107 edukacyjna zgodnie z podstaw\u0105<br \/>\nprogramow\u0105, zaj\u0119cia i zabawy edukacyjne, zaj\u0119cia dydaktyczne realizowane<br \/>\nwed\u0142ug wybranego programu wychowania przedszkolnego. Zabawy swobodne<br \/>\nprzy niewielkim udziale nauczyciela.<\/p>\n<p><strong>10:00 -10:30<\/strong> II \u015bniadanie<\/p>\n<p><strong>10:30 -12:00<\/strong> Zaj\u0119cia edukacyjne zgodne z podstaw\u0105 programow\u0105. Zaj\u0119cia<br \/>\norganizowane i swobodne na powietrzu, spacery, wycieczki, przebywanie w<br \/>\nogrodzie przedszkolnym, obserwacje przyrodnicze, zaj\u0119cia sportowe, tworzenie<br \/>\nokazji do obserwowania, eksperymentowania, odkrywania, podejmowania<br \/>\nzabaw badawczych. Zabawy ruchowe, czynno\u015bci higieniczne.<\/p>\n<p><strong>12:00 -12:30<\/strong> Obiad (zupa, II danie)<\/p>\n<p><strong>12:30-14:00<\/strong> Czynno\u015bci higieniczno-samoobs\u0142ugowe. Relaks poobiedni. Zabawy<br \/>\ndowolne w sali lub na powietrzu, spacery, \u0107wiczenia utrwalaj\u0105ce wiadomo\u015bci z<br \/>\nzaj\u0119\u0107 edukacyjnych, praca wyr\u00f3wnawcza, indywidualna, wspieranie rozwoju<br \/>\ndzieci poprzez: zabawy dydaktyczne, \u0107wiczenia usprawniaj\u0105ce mow\u0119 dziecka,<br \/>\nzabawy ruchowe, konstrukcyjne, rozwijaj\u0105ce percepcj\u0119 wzrokow\u0105 i s\u0142uchow\u0105.<\/p>\n<p><strong>14:00 -15:00<\/strong> Zabawy ruchowe, zabawy swobodne przy niewielkim udziale<br \/>\nnauczyciela. Czynno\u015bci samoobs\u0142ugowe i porz\u0105dkowe przygotowuj\u0105ce do<br \/>\nposi\u0142ku. Podwieczorek<\/p>\n<p><strong>15:00 &#8211; 16:30<\/strong> Zabawy dowolne wed\u0142ug zainteresowa\u0144\u00a0dzieci lub przy niewielkim<br \/>\nudziale nauczyciela, zaj\u0119cia w ma\u0142ych zespo\u0142ach, prace porz\u0105dkowe,<br \/>\nrozchodzenie si\u0119 dzieci.<\/p>\n","protected":false},"excerpt":{"rendered":"<p>6:15 &#8211; 7:30 Schodzenie si\u0119 dzieci, zabawy dowolne, zabawy integracyjne. 7:30 &#8211; 8:00 Zabawy w k\u0105cikach zainteresowa\u0144, zabawy swobodne &#8211; zabawy konstrukcyjne, manipulacyjne, tematyczne, praca indywidualna lub z zespo\u0142em dzieci o charakterze stymuluj\u0105ce &#8211; kompensacyjnym. 8:00 &#8211; 8:30 Zabawy ruchowe. Przygotowanie do \u015bniadania &#8211; czynno\u015bci higieniczne, samoobs\u0142ugowe, pe\u0142nienie dy\u017cur\u00f3w. 8:30 &#8211; 9:00 \u015aniadanie &#8211; wpajanie &hellip; <\/p>\n<p class=\"link-more\"><a href=\"https:\/\/mp2kwidzyn.pl\/index.php\/ramowy-rozklad-dnia-dla-dzieci-5-6-letnich-w-miejskim-przedszkolu-nr-2-w-kwidzynie\/\" class=\"more-link\">Continue reading<span class=\"screen-reader-text\"> &#8222;RAMOWY ROZK\u0141AD DNIA DLA DZIECI 5-6 LETNICH W MIEJSKIM PRZEDSZKOLU NR 2 W KWIDZYNIE&#8221;<\/span><\/a><\/p>\n","protected":false},"author":1,"featured_media":0,"parent":0,"menu_order":0,"comment_status":"closed","ping_status":"closed","template":"","meta":{"footnotes":""},"class_list":["post-1217","page","type-page","status-publish","hentry"],"_links":{"self":[{"href":"https:\/\/mp2kwidzyn.pl\/index.php\/wp-json\/wp\/v2\/pages\/1217","targetHints":{"allow":["GET"]}}],"collection":[{"href":"https:\/\/mp2kwidzyn.pl\/index.php\/wp-json\/wp\/v2\/pages"}],"about":[{"href":"https:\/\/mp2kwidzyn.pl\/index.php\/wp-json\/wp\/v2\/types\/page"}],"author":[{"embeddable":true,"href":"https:\/\/mp2kwidzyn.pl\/index.php\/wp-json\/wp\/v2\/users\/1"}],"replies":[{"embeddable":true,"href":"https:\/\/mp2kwidzyn.pl\/index.php\/wp-json\/wp\/v2\/comments?post=1217"}],"version-history":[{"count":1,"href":"https:\/\/mp2kwidzyn.pl\/index.php\/wp-json\/wp\/v2\/pages\/1217\/revisions"}],"predecessor-version":[{"id":1218,"href":"https:\/\/mp2kwidzyn.pl\/index.php\/wp-json\/wp\/v2\/pages\/1217\/revisions\/1218"}],"wp:attachment":[{"href":"https:\/\/mp2kwidzyn.pl\/index.php\/wp-json\/wp\/v2\/media?parent=1217"}],"curies":[{"name":"wp","href":"https:\/\/api.w.org\/{rel}","templated":true}]}}