{"id":1220,"date":"2025-03-19T14:17:22","date_gmt":"2025-03-19T14:17:22","guid":{"rendered":"https:\/\/mp2kwidzyn.pl\/?page_id=1220"},"modified":"2026-01-20T20:08:32","modified_gmt":"2026-01-20T20:08:32","slug":"plan-imprez-i-uroczystosci-w-miejskim-przedszkolu-nr-2-w-kwidzynie-na-rok-szkolny-2024-2025","status":"publish","type":"page","link":"https:\/\/mp2kwidzyn.pl\/index.php\/plan-imprez-i-uroczystosci-w-miejskim-przedszkolu-nr-2-w-kwidzynie-na-rok-szkolny-2024-2025\/","title":{"rendered":"PLAN IMPREZ I UROCZYSTO\u015aCI W MIEJSKIM PRZEDSZKOLU NR 2 W KWIDZYNIE NA ROK SZKOLNY 2025\/2026"},"content":{"rendered":"<p><img loading=\"lazy\" decoding=\"async\" class=\"alignnone size-full wp-image-665\" src=\"https:\/\/mp2kwidzyn.pl\/wp-content\/uploads\/2025\/02\/logozolowkiem.png\" alt=\"\" width=\"212\" height=\"97\" \/><\/p>\n<p style=\"text-align: center;\"><strong>PLAN IMPREZ I UROCZYSTO\u015aCI W MIEJSKIM PRZEDSZKOLU<br \/>\nNR 2 W KWIDZYNIE<br \/>\n<\/strong><strong>NA ROK SZKOLNY 2025\/2026<\/strong><\/p>\n<table style=\"height: 4034px;\" width=\"801\">\n<tbody>\n<tr>\n<td width=\"43\"><strong>\u00a0<\/strong><\/p>\n<p><strong>L.P<\/strong><\/td>\n<td width=\"316\"><strong>\u00a0<\/strong><\/p>\n<p><strong>UROCZYSTO\u015a\u0106<\/strong><\/td>\n<td width=\"138\"><strong>\u00a0<\/strong><\/p>\n<p><strong>TERMIN<\/strong><\/td>\n<td width=\"145\"><strong>Osoby odpowiedzialne<\/strong><\/td>\n<\/tr>\n<tr>\n<td width=\"43\">1.<\/td>\n<td width=\"316\">Po wakacjach si\u0119 witamy i zabawy zaczynamy- uroczyste rozpocz\u0119cie nowego roku szkolnego.<\/td>\n<td width=\"138\">&nbsp;<\/p>\n<p>&nbsp;<\/p>\n<p>01.09.2025<\/td>\n<td width=\"145\">&nbsp;<\/p>\n<p>wychowawcy grup<\/td>\n<\/tr>\n<tr>\n<td width=\"43\">2.<\/td>\n<td width=\"316\">Dzie\u0144 kropki<\/td>\n<td width=\"138\">15.09.2024<\/td>\n<td width=\"145\">wychowawcy grup<\/td>\n<\/tr>\n<tr>\n<td width=\"43\">3.<\/td>\n<td width=\"316\">Dzie\u0144 przedszkolaka- uroczyste otwarcie MP2 w Kwidzynie<\/td>\n<td width=\"138\">&nbsp;<\/p>\n<p>18.09.2025<\/td>\n<td width=\"145\">&nbsp;<\/p>\n<p>&nbsp;<\/p>\n<p>&nbsp;<\/p>\n<p>&nbsp;<\/td>\n<\/tr>\n<tr>\n<td width=\"43\">4.<\/td>\n<td width=\"316\">Dzie\u0144 jab\u0142ka<\/td>\n<td width=\"138\">29.09.2025<\/td>\n<td width=\"145\">wychowawcy grup<\/td>\n<\/tr>\n<tr>\n<td width=\"43\">5.<\/td>\n<td width=\"316\">Wszystkiego dobrego dla Ciebie Kolego &#8211; \u015awi\u0119to Ch\u0142opc\u00f3w.<\/td>\n<td width=\"138\">&nbsp;<\/p>\n<p>30.09.2025<\/td>\n<td width=\"145\">wychowawcy grup<\/td>\n<\/tr>\n<tr>\n<td width=\"43\">6.<\/td>\n<td width=\"316\">Wy\u015bpiewa\u0107 dzi\u015b chcemy Wam \u017cyczenia&#8230;- uroczysto\u015b\u0107 z okazji Dnia Edukacji.<\/td>\n<td width=\"138\">&nbsp;<\/p>\n<p>14.10.2025<\/td>\n<td width=\"145\"><\/td>\n<\/tr>\n<tr>\n<td width=\"43\">7.<\/td>\n<td width=\"316\">\u015awiatowy dzie\u0144 chleba<\/td>\n<td width=\"138\">16.10.2025<\/td>\n<td width=\"145\">wychowawcy grup<\/td>\n<\/tr>\n<tr>\n<td width=\"43\">8.<\/td>\n<td width=\"316\">Dyniowy zawr\u00f3t g\u0142owy<\/td>\n<td width=\"138\">31.10.2025<\/td>\n<td width=\"145\">wychowawcy grup<\/td>\n<\/tr>\n<tr>\n<td width=\"43\">9.<\/td>\n<td width=\"316\">Dzie\u0144 zdrowego \u015bniadania<\/td>\n<td width=\"138\">07.11.2025<\/td>\n<td width=\"145\">wychowawcy grup<\/td>\n<\/tr>\n<tr>\n<td width=\"43\">10.<\/td>\n<td width=\"316\">11 listopada<\/p>\n<p>&nbsp;<\/td>\n<td width=\"138\">&nbsp;<\/p>\n<p>10.11.2025<\/td>\n<td width=\"145\">Wsp\u00f3lne od\u015bpiewanie hymnu- wychowawcy<\/td>\n<\/tr>\n<tr>\n<td width=\"43\">11.<\/td>\n<td width=\"316\">Chocia\u017c jestem krasnal ma\u0142y to Przedszkolak ze mnie jest wspania\u0142y! &#8211; Pasowanie na Przedszkolaka.<\/td>\n<td width=\"138\">&nbsp;<\/p>\n<p>&nbsp;<\/p>\n<p>Listopad 2025<\/td>\n<td width=\"145\">Katarzyna G\u0142owacka-Talar<\/p>\n<p>Paulina \u015aliwi\u0144ska<\/td>\n<\/tr>\n<tr>\n<td width=\"43\">12.<\/td>\n<td width=\"316\">Pokochaj Pluszowego Misia- \u015awiatowy Dzie\u0144 Misia.<\/td>\n<td width=\"138\">&nbsp;<\/p>\n<p>25.11.2025<\/td>\n<td width=\"145\">wychowawcy grup<\/td>\n<\/tr>\n<tr>\n<td width=\"43\">13.<\/td>\n<td width=\"316\">Zabawy andrzejkowe<\/td>\n<td width=\"138\">&nbsp;<\/p>\n<p>28.11.2025<\/td>\n<td width=\"145\">wychowawcy grup<\/td>\n<\/tr>\n<tr>\n<td width=\"43\">14.<\/td>\n<td width=\"316\">Spotkanie z Miko\u0142ajem<\/p>\n<p>Miko\u0142ajkowe warsztaty piernikowe<\/p>\n<p>&nbsp;<\/td>\n<td width=\"138\">05.12.2025<\/td>\n<td width=\"145\">wychowawcy grup<\/td>\n<\/tr>\n<tr>\n<td width=\"43\">15.<\/td>\n<td width=\"316\">Warsztaty bo\u017conarodzeniowe z rodzicami<\/td>\n<td width=\"138\">Grudzie\u0144 2025<\/td>\n<td width=\"145\">wychowawcy grup<\/td>\n<\/tr>\n<tr>\n<td width=\"43\">16.<\/td>\n<td width=\"316\">Przyjd\u017a do mnie Jezu m\u00f3j ma\u0142y \u2013 przedszkolne kol\u0119dowanie\/jase\u0142ka<\/td>\n<td width=\"138\">&nbsp;<\/p>\n<p>Grudzie\u0144 2025<\/td>\n<td width=\"145\"><\/td>\n<\/tr>\n<tr>\n<td width=\"43\">17.<\/td>\n<td width=\"316\">Dzie\u0144 spaghetti<\/td>\n<td width=\"138\">05.01.2026<\/td>\n<td width=\"145\">wychowawcy grup<\/td>\n<\/tr>\n<tr>\n<td width=\"43\">18.<\/td>\n<td width=\"316\">Ca\u0142a nasza gromadka kocha Babci\u0119 i Dziadka -\u2013 Dzie\u0144 Babci i Dziadka.<\/td>\n<td width=\"138\">&nbsp;<\/p>\n<p>Stycze\u0144 2026<\/td>\n<td width=\"145\">wychowawcy grup<\/td>\n<\/tr>\n<tr>\n<td width=\"43\">19.<\/td>\n<td width=\"316\">B\u0119dzie bal na sto par!- Bal karnawa\u0142owy.<\/td>\n<td width=\"138\">&nbsp;<\/p>\n<p>Stycze\u0144\/luty 2026<\/td>\n<td width=\"145\">&nbsp;<\/p>\n<p>&nbsp;<\/p>\n<p>&nbsp;<\/p>\n<p>&nbsp;<\/p>\n<p>&nbsp;<\/td>\n<\/tr>\n<tr>\n<td width=\"43\">20.<\/td>\n<td width=\"316\">Dzie\u0144 pizzy<\/td>\n<td width=\"138\">09.02.2026<\/td>\n<td width=\"145\">wychowawcy grup<\/td>\n<\/tr>\n<tr>\n<td width=\"43\">21.<\/td>\n<td width=\"316\">T\u0142usty czwartek<\/td>\n<td width=\"138\">12.02.2026<\/td>\n<td width=\"145\">wychowawcy grup<\/td>\n<\/tr>\n<tr>\n<td width=\"43\">22.<\/td>\n<td width=\"316\">Wszystkiego dobrego w Dniu \u015awi\u0119tego Walentego \u2013 uroczysto\u015b\u0107 walentynkowa<\/td>\n<td width=\"138\">&nbsp;<\/p>\n<p>13.02.2026<\/td>\n<td width=\"145\">wychowawcy grup<\/td>\n<\/tr>\n<tr>\n<td width=\"43\">23.<\/td>\n<td width=\"316\">Dzie\u0144 Kota.<\/td>\n<td width=\"138\">&nbsp;<\/p>\n<p>17.02.2026<\/td>\n<td width=\"145\">wychowawcy grup<\/td>\n<\/tr>\n<tr>\n<td width=\"43\">24.<\/td>\n<td width=\"316\">Robimy bukiety dla ka\u017cdej kobiety &#8211; Dzie\u0144 Kobiet<\/td>\n<td width=\"138\">&nbsp;<\/p>\n<p>06.03.2026<\/td>\n<td width=\"145\">wychowawcy grup<\/td>\n<\/tr>\n<tr>\n<td width=\"43\">25.<\/td>\n<td width=\"316\">Warsztaty wiosenne z rodzicami<\/td>\n<td width=\"138\">Marzec 2026<\/td>\n<td width=\"145\">wychowawcy grup<\/td>\n<\/tr>\n<tr>\n<td width=\"43\">26.<\/td>\n<td width=\"316\">Przychod\u017a Wiosno upragniona, pi\u0119kna, ciep\u0142a i zielona \u2013- po\u017cegnanie zimy i powitanie wiosny<\/td>\n<td width=\"138\">&nbsp;<\/p>\n<p>20.03.2026<\/td>\n<td width=\"145\">Krzysztofa Lewandowska<\/p>\n<p>Agnieszka Gudowska,<\/p>\n<p>Martina Itrich-Wilk<\/td>\n<\/tr>\n<tr>\n<td width=\"43\">27.<\/td>\n<td width=\"316\">Dzie\u0144 gofra<\/td>\n<td width=\"138\">25.03.2026<\/td>\n<td width=\"145\">wychowawcy grup<\/td>\n<\/tr>\n<tr>\n<td width=\"43\">28.<\/td>\n<td width=\"316\">Dzie\u0144 marchewki<\/td>\n<td width=\"138\">01.04.2026<\/td>\n<td width=\"145\">wychowawcy grup<\/td>\n<\/tr>\n<tr>\n<td width=\"43\">29.<\/td>\n<td width=\"316\">Wielkanocne \u015bniadanie z zaj\u0105czkiem<\/td>\n<td width=\"138\">02.04.2026<\/td>\n<td width=\"145\">wychowawcy grup<\/td>\n<\/tr>\n<tr>\n<td width=\"43\">30.<\/td>\n<td width=\"316\">Dzie\u0144 czekolady<\/td>\n<td width=\"138\">13.04.2026<\/td>\n<td width=\"145\">wychowawcy grup<\/td>\n<\/tr>\n<tr>\n<td width=\"43\">31.<\/td>\n<td width=\"316\">Wszystkim jest nam bliska ochrona \u015brodowiska!- \u015awiatowy Dzie\u0144 Ziemi<\/td>\n<td width=\"138\">&nbsp;<\/p>\n<p>22.04.2026<\/td>\n<td width=\"145\">wychowawcy grup<\/td>\n<\/tr>\n<tr>\n<td width=\"43\">32.<\/td>\n<td width=\"316\">\u015awi\u0119ta Majowe 1-3 maja (tydzie\u0144 poprzedzaj\u0105cy)<\/p>\n<p>&nbsp;<\/td>\n<td width=\"138\">&nbsp;<\/p>\n<p>Maj 2026<\/td>\n<td width=\"145\">wychowawcy grup<\/td>\n<\/tr>\n<tr>\n<td width=\"43\">33.<\/td>\n<td width=\"316\">Dzie\u0144 Stra\u017caka<\/td>\n<td width=\"138\">&nbsp;<\/p>\n<p>Maj 2026<\/td>\n<td width=\"145\">wychowawcy grup<\/td>\n<\/tr>\n<tr>\n<td width=\"43\">34.<\/td>\n<td width=\"316\">Dzie\u0144 Bibliotekarza (wyj\u015bcie do biblioteki?)<\/td>\n<td width=\"138\">&nbsp;<\/p>\n<p>Maj 2026<\/td>\n<td width=\"145\">wychowawcy grup<\/td>\n<\/tr>\n<tr>\n<td width=\"43\">35.<\/td>\n<td width=\"316\">\u015awiatowy dzie\u0144 pszcz\u00f3\u0142<\/td>\n<td width=\"138\">20.05.2026<\/td>\n<td width=\"145\">wychowawcy grup<\/td>\n<\/tr>\n<tr>\n<td width=\"43\">36.<\/td>\n<td width=\"316\">Rodzina, rodzina zawsze razem si\u0119 trzyma!- Dzie\u0144 Mamy i Taty &#8211;\u00a0 Festyn rodzinny<\/td>\n<td width=\"138\">Maj 2026<\/td>\n<td width=\"145\">Odpowiedzialne wszystkie osoby<\/td>\n<\/tr>\n<tr>\n<td width=\"43\">37.<\/td>\n<td width=\"316\">S\u0142onko jasno \u015bwieci, dzi\u015b si\u0119 ciesz\u0105 wszystkie dzieci -Dzie\u0144 Dziecka!!<\/td>\n<td width=\"138\">01.06.2026<\/td>\n<td width=\"145\">wychowawcy grup<\/td>\n<\/tr>\n<tr>\n<td width=\"43\">38.<\/td>\n<td width=\"316\">Dzi\u015b przedszkolaki, jutro ju\u017c pierwszaki. Uroczyste po\u017cegnanie Przedszkola<\/td>\n<td width=\"138\">&nbsp;<\/p>\n<p>Czerwiec 2026<\/td>\n<td width=\"145\">Krzysztofa Lewandowska<\/td>\n<\/tr>\n<tr>\n<td width=\"43\">39.<\/td>\n<td width=\"316\">&nbsp;<\/p>\n<p>Witamy wakacje i pierwszy dzie\u0144 lata<\/td>\n<td width=\"138\">&nbsp;<\/p>\n<p>Czerwiec 2026<\/td>\n<td width=\"145\">wychowawcy grup<\/td>\n<\/tr>\n<tr>\n<td width=\"43\">40.<\/td>\n<td width=\"316\">Mi\u0119dzynarodowy dzie\u0144 owoc\u00f3w<\/td>\n<td width=\"138\">01.07.2026<\/td>\n<td width=\"145\"><\/td>\n<\/tr>\n<\/tbody>\n<\/table>\n<p>&nbsp;<\/p>\n<p>&nbsp;<\/p>\n","protected":false},"excerpt":{"rendered":"<p>PLAN IMPREZ I UROCZYSTO\u015aCI W MIEJSKIM PRZEDSZKOLU NR 2 W KWIDZYNIE NA ROK SZKOLNY 2025\/2026 \u00a0 L.P \u00a0 UROCZYSTO\u015a\u0106 \u00a0 TERMIN Osoby odpowiedzialne 1. Po wakacjach si\u0119 witamy i zabawy zaczynamy- uroczyste rozpocz\u0119cie nowego roku szkolnego. &nbsp; &nbsp; 01.09.2025 &nbsp; wychowawcy grup 2. Dzie\u0144 kropki 15.09.2024 wychowawcy grup 3. Dzie\u0144 przedszkolaka- uroczyste otwarcie MP2 w &hellip; <\/p>\n<p class=\"link-more\"><a href=\"https:\/\/mp2kwidzyn.pl\/index.php\/plan-imprez-i-uroczystosci-w-miejskim-przedszkolu-nr-2-w-kwidzynie-na-rok-szkolny-2024-2025\/\" class=\"more-link\">Continue reading<span class=\"screen-reader-text\"> &#8222;PLAN IMPREZ I UROCZYSTO\u015aCI W MIEJSKIM PRZEDSZKOLU NR 2 W KWIDZYNIE NA ROK SZKOLNY 2025\/2026&#8221;<\/span><\/a><\/p>\n","protected":false},"author":1,"featured_media":0,"parent":0,"menu_order":0,"comment_status":"closed","ping_status":"closed","template":"","meta":{"footnotes":""},"class_list":["post-1220","page","type-page","status-publish","hentry"],"_links":{"self":[{"href":"https:\/\/mp2kwidzyn.pl\/index.php\/wp-json\/wp\/v2\/pages\/1220","targetHints":{"allow":["GET"]}}],"collection":[{"href":"https:\/\/mp2kwidzyn.pl\/index.php\/wp-json\/wp\/v2\/pages"}],"about":[{"href":"https:\/\/mp2kwidzyn.pl\/index.php\/wp-json\/wp\/v2\/types\/page"}],"author":[{"embeddable":true,"href":"https:\/\/mp2kwidzyn.pl\/index.php\/wp-json\/wp\/v2\/users\/1"}],"replies":[{"embeddable":true,"href":"https:\/\/mp2kwidzyn.pl\/index.php\/wp-json\/wp\/v2\/comments?post=1220"}],"version-history":[{"count":8,"href":"https:\/\/mp2kwidzyn.pl\/index.php\/wp-json\/wp\/v2\/pages\/1220\/revisions"}],"predecessor-version":[{"id":4324,"href":"https:\/\/mp2kwidzyn.pl\/index.php\/wp-json\/wp\/v2\/pages\/1220\/revisions\/4324"}],"wp:attachment":[{"href":"https:\/\/mp2kwidzyn.pl\/index.php\/wp-json\/wp\/v2\/media?parent=1220"}],"curies":[{"name":"wp","href":"https:\/\/api.w.org\/{rel}","templated":true}]}}