{"id":2,"date":"2024-12-04T08:24:30","date_gmt":"2024-12-04T08:24:30","guid":{"rendered":"http:\/\/instalatorwp671.dkonto.pl\/?page_id=2"},"modified":"2026-01-19T08:16:56","modified_gmt":"2026-01-19T08:16:56","slug":"sample-page","status":"publish","type":"page","link":"https:\/\/mp2kwidzyn.pl\/index.php\/sample-page\/","title":{"rendered":"O nas"},"content":{"rendered":"\n<p><h2>Kim jeste\u015bmy?<\/h2><br><p><strong>Miejskie Przedszkole nr 2 w Kwidzynie<\/strong> jest plac\u00f3wk\u0105 publiczn\u0105. Mie\u015bci si\u0119 na terenie osiedla dom\u00f3w jednorodzinnych i blok\u00f3w mieszkalnych. Staramy si\u0119 stworzy\u0107 plac\u00f3wk\u0119 <strong>bezpieczn\u0105<\/strong>, <strong>przyjazn\u0105<\/strong> ka\u017cdemu dziecku, traktuj\u0105c je <strong>indywidualnie<\/strong>. Formy i metody pracy dostosowywane s\u0105\u00a0 do ich\u00a0 potrzeb i mo\u017cliwo\u015bci. Otaczamy opiek\u0105 dzieci w wieku <strong>od 3 do 6 lat<\/strong>.<\/p><br><p>Aktualnie do przedszkola ucz\u0119szcza <strong>86\u00a0przedszkolak\u00f3w<\/strong>, kt\u00f3rzy tworz\u0105 cztery grupy: 3-latk\u00f3w, 4-latk\u00f3w, 5-latk\u00f3w i 6-latk\u00f3w. W roku szkolnym 2025\/2026 planujemy utworzy\u0107 9<strong>\u00a0oddzia\u0142\u00f3w<\/strong>, przy czym liczba dzieci w jednym oddziale wynosi\u0107 b\u0119dzie <strong>maksymalnie 25<\/strong>.<\/p><br><h2>Nasza kadra<\/h2><br><p>Zatrudnionych jest <strong>10 nauczycieli<\/strong> i <strong>10 pracownik\u00f3w administracji i obs\u0142ugi<\/strong>.<\/p><br><p style=\"font-weight: 400;\">Zgrany zesp\u00f3\u0142 nauczycielski z odpowiednimi kwalifikacjami wraz z personelem pomocniczym zapewnia <strong>indywidualne<\/strong> podej\u015bcie do ka\u017cdego dziecka oraz\u00a0prowadzenie <strong>atrakcyjnych zaj\u0119\u0107<\/strong>.<\/p><br><p style=\"font-weight: 400;\">Nauczyciele posiadaj\u0105 wykszta\u0142cenie dwukierunkowe, stale doskonal\u0105 sw\u00f3j warsztat pracy.<\/p><br><h2>Siedziba przedszkola<\/h2><br><p>Siedzib\u0105 <a href=\"https:\/\/mp2kwidzyn.pl\">Miejskiego Przedszkola nr 2<\/a> w Kwidzynie jest budynek b\u0119d\u0105cy w\u0142asno\u015bci\u0105 miasta, znajduj\u0105cy si\u0119 przy <a href=\"https:\/\/maps.app.goo.gl\/KejewTmpXweYb217A\">ul. Kochanowskiego 34<\/a>.<br>Jako plac\u00f3wka publiczna od roku szkolnego 2021\/2022 tworzymy swoj\u0105 <strong>histori\u0119<\/strong>.<\/p><p>.<a href=\"https:\/\/mp2kwidzyn.pl\/wp-content\/uploads\/2025\/02\/stary_budynek.jpg\"><img loading=\"lazy\" decoding=\"async\" width=\"179\" height=\"180\" class=\"wp-image-217 alignnone\" src=\"https:\/\/mp2kwidzyn.pl\/wp-content\/uploads\/2025\/02\/stary_budynek.jpg\" alt=\"\" srcset=\"https:\/\/mp2kwidzyn.pl\/wp-content\/uploads\/2025\/02\/stary_budynek.jpg 224w, https:\/\/mp2kwidzyn.pl\/wp-content\/uploads\/2025\/02\/stary_budynek-150x150.jpg 150w\" sizes=\"auto, (max-width: 179px) 100vw, 179px\" \/><\/a><a href=\"https:\/\/mp2kwidzyn.pl\/wp-content\/uploads\/2025\/02\/budynek.jpg\"><img loading=\"lazy\" decoding=\"async\" width=\"275\" height=\"183\" class=\"size-full wp-image-216 alignleft\" src=\"https:\/\/mp2kwidzyn.pl\/wp-content\/uploads\/2025\/02\/budynek.jpg\" alt=\"Obecnie budynek przedszkola nr 2\"><\/a><\/p><br><h2>Misja Przedszkola<\/h2><p>to najwa\u017cniejsze zadania, w efekcie kt\u00f3rych dziecko:<\/p><ul><br><li>ma poczucie w\u0142asnej warto\u015bci,<\/li><br><li>ma wyr\u00f3wnywane szanse edukacyjne i spo\u0142eczne,<\/li><br><li>osi\u0105ga stan gotowo\u015bci do podj\u0119cia nauki w\u00a0szkole podstawowej,<\/li><br><li>rozwija aktywno\u015b\u0107 tw\u00f3rcz\u0105, dzia\u0142ania\u00a0prozdrowotne i proekologiczne,<\/li><br><li>rozwija swoje zainteresowania, kompetencje komunikacyjne i spo\u0142eczne,<\/li><br><li>ma zapewniona w\u0142a\u015bciw\u0105 opiek\u0119, bezpiecze\u0144stwo psychiczne i fizyczne,<\/li><br><li>przejawia w\u0142a\u015bciwe postawy wobec\u00a0otoczenia (spo\u0142ecznego, przyrodniczego, technicznego),<\/li><br><li>bawi si\u0119 i uczy w atmosferze akceptacji, w bezpiecznych warunkach i przyjaznym \u015brodowisku,<\/li><br><li>poznaje i kultywuje tradycje (narodowe, regionalne, rodzinne) oraz uczy si\u0119 podstaw ma\u0142ej ekonomii,<\/li><br><li>nabywa umiej\u0119tno\u015bci zgodnie z mo\u017cliwo\u015bciami rozwojowymi i odpowiednio do indywidualnych potrzeb.<br><br>Przedszkole wspiera dzia\u0142ania wychowawcze i edukacyjne rodzic\u00f3w. W urzeczywistnianie tej misji nale\u017cy zaanga\u017cowa\u0107 ca\u0142\u0105 jego spo\u0142eczno\u015b\u0107: personel, rodzic\u00f3w i dzieci. Wsp\u00f3lnymi si\u0142ami mo\u017cna wiele osi\u0105gn\u0105\u0107.<\/li><br><\/ul><br><h2>Priorytety Przedszkola:<\/h2><ul><br><li>Bezpiecze\u0144stwo dzieci i pracownik\u00f3w przedszkola.<\/li><br><li>Dba\u0142o\u015b\u0107 o harmonijny i wszechstronny rozw\u00f3j dziecka.<\/li><br><li>Dobrze wykwalifikowana kadra pedagogiczna i specjalistyczna.<\/li><br><li>Promocja aktywno\u015bci ruchowej, sportu.<\/li><br><li>Mo\u017cliwo\u015b\u0107 korzystania przez dzieci z ogrodu przedszkolnego wyposa\u017conego w sprz\u0119t przeznaczony dla dzieci przedszkolnych oraz korzystania z dobrze wyposa\u017conych sal, ciekawych pomocy dydaktycznych.<\/li><br><li>Kreatywno\u015b\u0107 i rozw\u00f3j artystyczny dziecka.<\/li><br><li>Partnerska, pe\u0142na wzajemnego zaufania i akceptacji wsp\u00f3\u0142praca z rodzicami\/ prawnymi opiekunami dziecka.<\/li><br><li>Wsparcie rodzic\u00f3w\/ prawnych opiekun\u00f3w dziecka w ka\u017cdej sytuacji.<\/li><br><li>Promocja plac\u00f3wki przy wsp\u00f3\u0142pracy ze \u015brodowiskiem lokalnym.<\/li><\/ul><br><h2>Cele strategiczne<\/h2><br><p>1. Wspomaganie indywidualnego rozwoju dzieci na poziomie g\u00f3rnej granicy ich\u00a0mo\u017cliwo\u015bci:<\/p><ul><br><li>wspomaganie dzieci z trudno\u015bciami, systematyczne wsp\u00f3\u0142dzia\u0142anie nauczycieli w procesie edukacji dzieci,<\/li><br><li>podnoszenie, wzmacnianie efekt\u00f3w dzia\u0142alno\u015bci wychowawczej, opieku\u0144czej i dydaktycznej,<\/li><br><li>pomoc psychologiczno- pedagogiczna, dzia\u0142ania s\u0142u\u017c\u0105ce wyr\u00f3wnywaniu szans edukacyjnych,<\/li><br><li>realizacja przedszkolnych program\u00f3w edukacyjnych i wspieraj\u0105cych,<\/li><br><li>rozwijanie zainteresowa\u0144 i uzdolnie\u0144, wyobra\u017ani i pomys\u0142owo\u015bci,<\/li><br><li>systematyczne badanie poziomu umiej\u0119tno\u015bci dzieci.<\/li><\/ul><p>2. Promowanie zdrowego stylu \u017cycia:<\/p><ul><br><li>tworzenie sytuacji sprzyjaj\u0105cych kszta\u0142towaniu i wyrabianiu postaw, modelu \u017cycia i \u015bwiadomo\u015bci proekologicznych,<\/li><br><li>kszta\u0142towanie prawid\u0142owych relacji spo\u0142ecznych, pozytywnego obrazu w\u0142asnej osoby i radzenie sobie\u00a0z emocjami,<\/li><br><li>wyrabianie nawyk\u00f3w zdrowego od\u017cywiania si\u0119 i nawyk\u00f3w zwi\u0105zanych z aktywno\u015bci\u0105 ruchow\u0105,<\/li><br><li>wdra\u017canie dzieci do poszanowania i przestrzegania zasad.<\/li><\/ul><br><p>3. Poszerzanie oferty edukacyjnej przedszkola umo\u017cliwiaj\u0105cej przygotowanie dzieci do nauki w szkole:<\/p><ul><br><li>stworzenie warunk\u00f3w do osi\u0105gni\u0119cia umiej\u0119tno\u015bci pos\u0142ugiwania si\u0119 komputerem i technologi\u0105 informacyjn\u0105,<\/li><br><li>w\u0142\u0105czenie do pracy edukacyjnej programu z zakresu edukacji matematyczno-ekonomicznej i przedsi\u0119biorczo\u015bci,<\/li><br><li>zaspakajanie ciekawo\u015bci i potrzeby poznawania \u015bwiata poprzez obcowanie z literatur\u0105 dzieci\u0119c\u0105,<\/li><br><li>poszukiwanie nowych mo\u017cliwo\u015bci w zakresie korzystania z instytucji spo\u0142eczno- kulturalnych,<\/li><br><li>wycieczki do r\u00f3\u017cnych ciekawych miejsc oraz punkt\u00f3w u\u017cyteczno\u015bci publicznej.<\/li><\/ul><br><p>4. Wspieranie nauczycieli w kreowaniu w\u0142asnej osobowo\u015bci zawodowej:<\/p><ul><br><li>wspomaganie oraz inspirowanie do podnoszenia kwalifikacji zawodowych i zdobywania dodatkowych umiej\u0119tno\u015bci,<\/li><br><li>doskonalenie umiej\u0119tno\u015bci zwi\u0105zanych z wykorzystywaniem w swojej pracy technologii informacyjnej i komunikacyjnej,<\/li><br><li>zach\u0119canie i tworzenie warunk\u00f3w do realizowania nowatorskich rozwi\u0105za\u0144 programowych, projekt\u00f3w, przedsi\u0119wzi\u0119\u0107, kontynuacja program\u00f3w w\u0142asnych.<\/li><\/ul><br><p>5. Rozbudzanie \u015bwiadomo\u015bci rodzic\u00f3w w zakresie:<\/p><ul><br><li>podnoszenia \u015bwiadomo\u015bci edukacyjnej poprzez pedagogizacj\u0119,<\/li><br><li>ukazania przedszkola jako plac\u00f3wki aktywnej, realizuj\u0105cej oczekiwania rodzic\u00f3w,<\/li><br><li>zapoznania z realizowanymi w przedszkolu planami i programami pracy wychowawczo- edukacyjnej,<\/li><br><li>\u00a0przekazywania porad i wskaz\u00f3wek od nauczycieli (wspieranie) w rozpoznawaniu przyczyn i trudno\u015bci wychowawczych oraz doborze metod udzielania dziecku pomocy,<\/li><br><li>\u00a0u\u015bwiadamianie dzieci i rodzic\u00f3w o zagro\u017ceniach p\u0142yn\u0105cych z niew\u0142a\u015bciwego korzystania z technologii multimedialnych,<\/li><\/ul><br><p>6. Unowocze\u015bnianie i bogacenie bazy przedszkola niezb\u0119dnej do realizacji\u00a0wyznaczonych zada\u0144:<\/p><ul><br><li>bie\u017c\u0105ce remonty, konserwacja i modernizacja wn\u0119trza oraz placu zabaw,<\/li><br><li>poprawa ergonomii w salach,<\/li><br><li>bie\u017c\u0105ce zakupy zabawek i pomocy dydaktycznych,<\/li><br><li>wzbogacanie bazy dydaktycznej do zaj\u0119\u0107 przyrodniczych.<\/li><br><\/ul><\/p>\n","protected":false},"excerpt":{"rendered":"<p>Kim jeste\u015bmy? Miejskie Przedszkole nr 2 w Kwidzynie jest plac\u00f3wk\u0105 publiczn\u0105. Mie\u015bci si\u0119 na terenie osiedla dom\u00f3w jednorodzinnych i blok\u00f3w mieszkalnych. Staramy si\u0119 stworzy\u0107 plac\u00f3wk\u0119 bezpieczn\u0105, przyjazn\u0105 ka\u017cdemu dziecku, traktuj\u0105c je indywidualnie. Formy i metody pracy dostosowywane s\u0105\u00a0 do ich\u00a0 potrzeb i mo\u017cliwo\u015bci. Otaczamy opiek\u0105 dzieci w wieku od 3 do 6 lat. Aktualnie do &hellip; <\/p>\n<p class=\"link-more\"><a href=\"https:\/\/mp2kwidzyn.pl\/index.php\/sample-page\/\" class=\"more-link\">Continue reading<span class=\"screen-reader-text\"> &#8222;O nas&#8221;<\/span><\/a><\/p>\n","protected":false},"author":1,"featured_media":0,"parent":0,"menu_order":0,"comment_status":"closed","ping_status":"open","template":"","meta":{"footnotes":""},"class_list":["post-2","page","type-page","status-publish","hentry"],"_links":{"self":[{"href":"https:\/\/mp2kwidzyn.pl\/index.php\/wp-json\/wp\/v2\/pages\/2","targetHints":{"allow":["GET"]}}],"collection":[{"href":"https:\/\/mp2kwidzyn.pl\/index.php\/wp-json\/wp\/v2\/pages"}],"about":[{"href":"https:\/\/mp2kwidzyn.pl\/index.php\/wp-json\/wp\/v2\/types\/page"}],"author":[{"embeddable":true,"href":"https:\/\/mp2kwidzyn.pl\/index.php\/wp-json\/wp\/v2\/users\/1"}],"replies":[{"embeddable":true,"href":"https:\/\/mp2kwidzyn.pl\/index.php\/wp-json\/wp\/v2\/comments?post=2"}],"version-history":[{"count":32,"href":"https:\/\/mp2kwidzyn.pl\/index.php\/wp-json\/wp\/v2\/pages\/2\/revisions"}],"predecessor-version":[{"id":4303,"href":"https:\/\/mp2kwidzyn.pl\/index.php\/wp-json\/wp\/v2\/pages\/2\/revisions\/4303"}],"wp:attachment":[{"href":"https:\/\/mp2kwidzyn.pl\/index.php\/wp-json\/wp\/v2\/media?parent=2"}],"curies":[{"name":"wp","href":"https:\/\/api.w.org\/{rel}","templated":true}]}}