{"id":268,"date":"2025-02-25T20:18:35","date_gmt":"2025-02-25T20:18:35","guid":{"rendered":"https:\/\/mp2kwidzyn.pl\/?page_id=268"},"modified":"2025-02-26T07:00:34","modified_gmt":"2025-02-26T07:00:34","slug":"organa-przedszkola","status":"publish","type":"page","link":"https:\/\/mp2kwidzyn.pl\/index.php\/organa-przedszkola\/","title":{"rendered":"Organa Przedszkola"},"content":{"rendered":"<header class=\"pub-heading\">\n<h2 class=\"pub-title nobcg\"><span class=\"nobcg\" title=\"\" data-original-title=\"\">Miejskie Przedszkole nr 2\u00a0w Kwidzynie<\/span><\/h2>\n<\/header>\n<div class=\"pub-body image-center image-above\">\n<div class=\"image-wrap clearfix\">\n<div class=\"image-center-outer\">\n<div class=\"image-center-inner\">\n<p>&nbsp;<\/p>\n<h2>Status:<\/h2>\n<p>Jednostka bud\u017cetowa<\/p>\n<\/div>\n<\/div>\n<\/div>\n<div class=\"text\">\n<h2>Dyrektor:<\/h2>\n<p>Lidia Nowacka<\/p>\n<h2>Kontakt:<\/h2>\n<p>ul. Kochanowskiego 34, 82-500 Kwidzyn<br \/>\nadres tymczasowy: ul. Grunwaldzka 54 82-500 Kwidzyn<br \/>\ntel. 532990271<\/p>\n<h2>Sekretariat:<\/h2>\n<p>od poniedzia\u0142ku do pi\u0105tku w\u00a0godz. od 7:30 do 15:30<\/p>\n<h2>KOD GUS:<\/h2>\n<p>277511<\/p>\n<h2>Nr NIP:<\/h2>\n<p>5811973360<\/p>\n<h2>Nr REGON:<\/h2>\n<p>389020018<\/p>\n<h2>Akt powo\u0142ania:<\/h2>\n<p>Uchwa\u0142a nr XXVI\/233\/21 Rady Miejskiej w\u00a0Kwidzynie z\u00a0dnia 29.03.2021 r. w\u00a0sprawie za\u0142o\u017cenia Miejskiego Przedszkola nr 2\u00a0w Kwidzynie z\u00a0siedzib\u0105 przy ul. Kochanowskiego 34<\/p>\n<p>Do Przedszkola ucz\u0119szczaj\u0105 dzieci w\u00a0wieku 3-6 lat.<\/p>\n<p>Miejskie Przedszkole nr 2\u00a0w Kwidzynie korzysta z\u00a0cz\u0119\u015bci pomieszcze\u0144 Szko\u0142y Podstawowej nr 6\u00a0z Oddzia\u0142ami Integracyjnymi im. W\u0142. G\u0119bika w\u00a0Kwidzynie, ul. Grunwaldzka 54. do czasu odzyskania swojego obiektu przy ul. Kochanowskiego 34<\/p>\n<\/div>\n<\/div>\n","protected":false},"excerpt":{"rendered":"<p>Miejskie Przedszkole nr 2\u00a0w Kwidzynie &nbsp; Status: Jednostka bud\u017cetowa Dyrektor: Lidia Nowacka Kontakt: ul. Kochanowskiego 34, 82-500 Kwidzyn adres tymczasowy: ul. Grunwaldzka 54 82-500 Kwidzyn tel. 532990271 Sekretariat: od poniedzia\u0142ku do pi\u0105tku w\u00a0godz. od 7:30 do 15:30 KOD GUS: 277511 Nr NIP: 5811973360 Nr REGON: 389020018 Akt powo\u0142ania: Uchwa\u0142a nr XXVI\/233\/21 Rady Miejskiej w\u00a0Kwidzynie z\u00a0dnia &hellip; <\/p>\n<p class=\"link-more\"><a href=\"https:\/\/mp2kwidzyn.pl\/index.php\/organa-przedszkola\/\" class=\"more-link\">Continue reading<span class=\"screen-reader-text\"> &#8222;Organa Przedszkola&#8221;<\/span><\/a><\/p>\n","protected":false},"author":1,"featured_media":0,"parent":0,"menu_order":0,"comment_status":"closed","ping_status":"closed","template":"","meta":{"footnotes":""},"class_list":["post-268","page","type-page","status-publish","hentry"],"_links":{"self":[{"href":"https:\/\/mp2kwidzyn.pl\/index.php\/wp-json\/wp\/v2\/pages\/268","targetHints":{"allow":["GET"]}}],"collection":[{"href":"https:\/\/mp2kwidzyn.pl\/index.php\/wp-json\/wp\/v2\/pages"}],"about":[{"href":"https:\/\/mp2kwidzyn.pl\/index.php\/wp-json\/wp\/v2\/types\/page"}],"author":[{"embeddable":true,"href":"https:\/\/mp2kwidzyn.pl\/index.php\/wp-json\/wp\/v2\/users\/1"}],"replies":[{"embeddable":true,"href":"https:\/\/mp2kwidzyn.pl\/index.php\/wp-json\/wp\/v2\/comments?post=268"}],"version-history":[{"count":6,"href":"https:\/\/mp2kwidzyn.pl\/index.php\/wp-json\/wp\/v2\/pages\/268\/revisions"}],"predecessor-version":[{"id":350,"href":"https:\/\/mp2kwidzyn.pl\/index.php\/wp-json\/wp\/v2\/pages\/268\/revisions\/350"}],"wp:attachment":[{"href":"https:\/\/mp2kwidzyn.pl\/index.php\/wp-json\/wp\/v2\/media?parent=268"}],"curies":[{"name":"wp","href":"https:\/\/api.w.org\/{rel}","templated":true}]}}