{"id":311,"date":"2025-02-25T21:26:00","date_gmt":"2025-02-25T21:26:00","guid":{"rendered":"https:\/\/mp2kwidzyn.pl\/?page_id=311"},"modified":"2025-02-25T21:38:53","modified_gmt":"2025-02-25T21:38:53","slug":"regulamin-bezpieczenstwa-dzieci","status":"publish","type":"page","link":"https:\/\/mp2kwidzyn.pl\/index.php\/regulamin-bezpieczenstwa-dzieci\/","title":{"rendered":"Regulamin bezpiecze\u0144stwa dzieci"},"content":{"rendered":"<h2 style=\"text-align: center;\">REGULAMIN BEZPIECZE\u0143STWA DZIECI w Miejskim Przedszkolu Nr 2 w Kwidzynie<\/h2>\n<div class=\"pub-body image-center image-above\">\n<div class=\"text\">\n<p>Na bezpiecze\u0144stwo dziecka sk\u0142ada si\u0119 bezpiecze\u0144stwo fizyczne i\u00a0psychiczne.<\/p>\n<p>Bezpiecze\u0144stwo fizyczne polega w\u00a0szczeg\u00f3lno\u015bci na chronieniu dzieci przed urazami, b\u00f3lem, utrat\u0105 zdrowia i\u00a0\u017cycia. Bezpiecze\u0144stwo psychiczne polega w\u00a0szczeg\u00f3lno\u015bci na w\u0142a\u015bciwym komunikowaniu si\u0119 z\u00a0dzieckiem, akceptacji, tolerancji dziecka bez wzgl\u0119du na posiadany potencja\u0142 rozwojowy, status spo\u0142eczny i\u00a0pochodzenie.<\/p>\n<p>Przedszkole sprawuje opiek\u0119 nad dzie\u0107mi, dostosowuj\u0105c metody i\u00a0sposoby oddzia\u0142ywa\u0144 do wieku dziecka i\u00a0jego mo\u017cliwo\u015bci rozwojowych, potrzeb \u015brodowiska z\u00a0uwzgl\u0119dnieniem istniej\u0105cych warunk\u00f3w lokalowych, a\u00a0w\u00a0szczeg\u00f3lno\u015bci zapewnia bezpo\u015bredni\u0105 i\u00a0sta\u0142\u0105 opiek\u0119 nad dzie\u0107mi w\u00a0czasie pobytu w\u00a0plac\u00f3wce oraz w\u00a0trakcie zaj\u0119\u0107 organizowanych poza jej terenem.<\/p>\n<p>Zadania przedszkola<\/p>\n<p>Do przedszkola musz\u0105 by\u0107 przyprowadzane wy\u0142\u0105cznie dzieci zdrowe.<\/p>\n<p>Przedszkole jest zamykane na klucz od godziny 8.15.<\/p>\n<p>Rodzice (opiekunowie prawni) i\u00a0go\u015bcie odwiedzaj\u0105cy przedszkole, chc\u0105c wej\u015b\u0107 do budynku, korzystaj\u0105 z\u00a0dzwonka przy drzwiach.<\/p>\n<p>Z placu zabaw mog\u0105 korzysta\u0107 dzieci przedszkolne wy\u0142\u0105cznie, gdy s\u0105 z\u00a0opiekunami grupy.<\/p>\n<p>Sprz\u0119t na placu zabaw jest sprawdzany codziennie przez pracownika gospodarczego (konserwatora), nauczyciela wychodz\u0105cego z\u00a0dzie\u0107mi na teren zabaw i\u00a0pomoc nauczyciela. Usterki usuwane s\u0105 na bie\u017c\u0105co.<\/p>\n<p>Personel przedszkola nie mo\u017ce podawa\u0107 dzieciom \u017cadnych lek\u00f3w.<\/p>\n<p>Podczas pobytu dzieci w\u00a0ogrodzie otwiera si\u0119 drzwi toalety, z\u00a0kt\u00f3rej w\u00a0ka\u017cdej chwili mog\u0105 skorzysta\u0107 przedszkolaki po uprzednim powiadomieniu nauczyciela.<\/p>\n<p>Ka\u017cdy nauczyciel posiada uko\u0144czony kurs pierwszej pomocy przedmedycznej.<\/p>\n<p>Nauczyciele maj\u0105 uko\u0144czony kurs organizator\u00f3w wycieczek.<\/p>\n<p>W przedszkolu znajduj\u0105 si\u0119 trzy apteczki (w sali grupy 5-latk\u00f3w, w\u00a0biurze &#8211;\u00a0apteczka \u2013\u00a0torba do wykorzystania w\u00a0czasie wycieczek i\u00a0pobytu poza budynkiem przedszkola oraz w\u00a0kuchni). W\u00a0apteczkach s\u0105 wy\u0142\u0105cznie \u015brodki odka\u017caj\u0105ce rany i\u00a0materia\u0142y opatrunkowe.<\/p>\n<p>Przedszkole ubezpiecza dzieci od nast\u0119pstw nieszcz\u0119\u015bliwych wypadk\u00f3w, na ka\u017cdy rok szkolny.<\/p>\n<p>Obowi\u0105zki nauczyciela<\/p>\n<p>1) W\u00a0sytuacji zagro\u017cenia \u017cycia dziecka nauczyciel:<\/p>\n<p>udziela pierwszej pomocy przedmedycznej zgodnie z\u00a0jej zasadami,<\/p>\n<p>powiadamia pogotowie, rodzica (opiekuna prawnego) i\u00a0dyrektora,<\/p>\n<p>jest odpowiedzialny za \u017cycie dziecka do chwili przyjazdu pogotowia i\u00a0przej\u0119cia dziecka przez lekarza,<\/p>\n<p>jedzie z\u00a0chorym dzieckiem do szpitala, je\u015bli rodzic (opiekun prawny) nie zd\u0105\u017cy\u0142 przyjecha\u0107 do przedszkola; w\u00a0tej sytuacji, gdy nauczyciel musi zaj\u0105\u0107 si\u0119 chorym dzieckiem, inne dzieci b\u0119d\u0105ce pod jego opiek\u0105 pozostaj\u0105 pod nadzorem pracownika obs\u0142ugowego przedszkola, do chwili, gdy dyrektor nie wyznaczy innego nauczyciela.<\/p>\n<p>2) W\u00a0sytuacji zagro\u017cenia zdrowia dziecka.<\/p>\n<p>W przypadku z\u0142ego samopoczucia dziecka lub gor\u0105czki nauczyciel:<\/p>\n<p>natychmiast zawiadamia telefonicznie rodzica (opiekuna prawnego) i\u00a0prosi o\u00a0jak najszybsze odebranie dziecka z\u00a0przedszkola,<\/p>\n<p>zawiadamia dyrektora,<\/p>\n<p>mo\u017ce zastosowa\u0107 zimne ok\u0142ady, gdy gor\u0105czka jest bardzo wysoka,<\/p>\n<p>zajmuje si\u0119 dzieckiem chorym do chwili przybycia rodzica (opiekuna prawnego) lub na pi\u015bmie upowa\u017cnionego doros\u0142ego opiekuna.<\/p>\n<p>W przypadku drobnych zranie\u0144 nauczyciel:<\/p>\n<p>zajmuje si\u0119 dzieckiem zranionym,<\/p>\n<p>pozostawia inne dzieci powierzone jego opiece innemu nauczycielowi,<\/p>\n<p>korzysta ze \u015brodk\u00f3w odka\u017caj\u0105cych rany i\u00a0\u015brodk\u00f3w opatrunkowych znajduj\u0105cych si\u0119 w\u00a0apteczkach,<\/p>\n<p>decyduje o\u00a0za\u0142o\u017ceniu opatrunku uciskowego,<\/p>\n<p>zawiadamia rodzica (opiekuna prawnego), je\u015bli dziecko tego sobie \u017cyczy.<\/p>\n<p>W przypadku wi\u0119kszych uraz\u00f3w (np. rozci\u0119\u0107, g\u0142\u0119bszych skalecze\u0144, z\u0142ama\u0144 itp.) nauczyciel post\u0119puje tak, jak w\u00a0przypadku zagro\u017cenia \u017cycia dziecka.<\/p>\n<p>3) W\u00a0budynku przedszkola nauczyciel:<\/p>\n<p>jest zobowi\u0105zany do u\u015bwiadamiania dzieciom niebezpiecze\u0144stwa podczas zabaw w\u00a0sali, w\u00a0ogrodzie, pobytu w\u00a0\u0142azience, w\u00a0szatni i\u00a0w innych pomieszczeniach przedszkola oraz podczas spacer\u00f3w i\u00a0wycieczek,<\/p>\n<p>planuje w\u00a0planach miesi\u0119cznych zagadnienia zwi\u0105zane z\u00a0bezpiecze\u0144stwem dzieci i\u00a0zapisuje ich realizacj\u0119 w\u00a0dziennikach zaj\u0119\u0107 przedszkola,<\/p>\n<p>ma obowi\u0105zek codziennie, po wej\u015bciu do sali, dokona\u0107 jej przegl\u0105du, w\u00a0zwi\u0105zku z\u00a0bezpiecze\u0144stwem dzieci,<\/p>\n<p>usuwa wszelkie przedmioty zagra\u017caj\u0105ce zdrowiu dzieci i\u00a0powiadamia dyrektora,<\/p>\n<p>ustala liczb\u0119 dzieci obecnych w\u00a0danym dniu w\u00a0przedszkolu przed pierwszym posi\u0142kiem; dzieci sp\u00f3\u017anione dopisuje na bie\u017c\u0105co,<\/p>\n<p>liczy dzieci przed wyj\u015bciem do ogrodu,<\/p>\n<p>Nauczyciel wychodz\u0105c do toalety pozostawia dzieci pod chwilow\u0105 opiek\u0105 wo\u017anej.<\/p>\n<p>nie mo\u017ce pozostawi\u0107 dzieci bez opieki nawet na chwil\u0119,<\/p>\n<p>zast\u0119puj\u0105cy innego nauczyciela wpisuje si\u0119 do dziennika zaj\u0119\u0107 grupy, w\u00a0kt\u00f3rej pe\u0142ni zast\u0119pstwo, przejmuj\u0105c w\u00a0ten spos\u00f3b odpowiedzialno\u015b\u0107 za bezpiecze\u0144stwo i\u00a0zdrowie dzieci,<\/p>\n<p>wie, gdzie w\u00a0przedszkolu znajduj\u0105 si\u0119 apteczki,<\/p>\n<p>rozpoczynaj\u0105cy prac\u0119 o\u00a0godzinie 6.30 zbiera dzieci z\u00a0ca\u0142ego przedszkola w\u00a0grupie \u201e5-latk\u00f3w\u201d,<\/p>\n<p>przychodz\u0105cy do pracy na godzin\u0119 7.00 lub 7.30 lub 8.00 przejmuje dzieci ze swojej grupy i\u00a0przechodzi z\u00a0nimi do w\u0142asnej sali,<\/p>\n<p>prowadz\u0105cy zaj\u0119cia dodatkowe z\u00a0dzie\u0107mi (np. j\u0119zyk angielski, ta\u0144ce, logopedi\u0119), podpisuje o\u015bwiadczenia o\u00a0odpowiedzialno\u015bci za zdrowie i\u00a0\u017cycie powierzonych im dzieci.<\/p>\n<p>4) W\u00a0ogrodzie przedszkolnym nauczyciel:<\/p>\n<p>ma obowi\u0105zek przed ka\u017cdym wyj\u015bciem na dw\u00f3r policzy\u0107 dzieci,<\/p>\n<p>jest zobowi\u0105zany, przed ka\u017cdym wyj\u015bciem na dw\u00f3r, sprawdzi\u0107 ubi\u00f3r dzieci m.in. zapi\u0119cie kurtek, zawi\u0105zanie czapek, szalik\u00f3w i\u00a0sznurowade\u0142,<\/p>\n<p>musi obowi\u0105zkowo sprawdzi\u0107 czy dzieci nie maj\u0105 przy sobie niebezpiecznych przedmiot\u00f3w, kt\u00f3re mog\u0142yby zagra\u017ca\u0107 im i\u00a0innym,<\/p>\n<p>prowadzi dzieci do ogrodu i\u00a0z ogrodu parami,<\/p>\n<p>sam otwiera i\u00a0zamyka furtki ogrodowe; podczas pobytu dzieci w\u00a0ogrodzie furtki s\u0105 zawsze zamkni\u0119te,<\/p>\n<p>w momencie korzystania przez dzieci ze sprz\u0119tu ogrodowego jest zobowi\u0105zany do nadzorowania tych czynno\u015bci,<\/p>\n<p>podczas pobytu w\u00a0ogrodzie zwraca uwag\u0119 na bezpiecze\u0144stwo zabaw dzieci i\u00a0ich ubi\u00f3r (zawi\u0105zane sznurowad\u0142a, szaliki itp.),<\/p>\n<p>ma obowi\u0105zek policzy\u0107 dzieci wychodz\u0105ce z\u00a0ogrodu,<\/p>\n<p>czuwa nad korzystaniem przez dzieci z\u00a0toalety, analizuj\u0105c kto do niej poszed\u0142 i\u00a0czy ju\u017c wr\u00f3ci\u0142,<\/p>\n<p>podczas zabaw kilku grup dzieci w\u00a0ogrodzie z\u00a0innymi nauczycielami dzieli si\u0119 tak, by w\u00a0ka\u017cdym miejscu ogrodu znajdowa\u0142 si\u0119 nauczyciel czuwaj\u0105cy nad bezpiecze\u0144stwem dzieci,<\/p>\n<p>nie mo\u017ce gromadzi\u0107 si\u0119 podczas zabaw dzieci w\u00a0ogrodzie w\u00a0jednym miejscu z\u00a0innymi nauczycielami.<\/p>\n<p>5) Na spacerze nauczyciel:<\/p>\n<p>planuje spacer z\u00a0dzie\u0107mi zgodnie z\u00a0planem miesi\u0119cznym lub tygodniowym przedszkola,<\/p>\n<p>ma obowi\u0105zek wpisa\u0107 wyj\u015bcie z\u00a0dzie\u0107mi poza teren plac\u00f3wki w\u00a0ewidencji wyj\u015b\u0107 znajduj\u0105cej si\u0119 w\u00a0kancelarii przedszkola okre\u015blaj\u0105c godzin\u0119 wyj\u015bcia, cel oraz przewidywan\u0105 godzin\u0119 powrotu. Informacje te nauczyciel podpisuje w\u0142asnor\u0119cznym podpisem,<\/p>\n<p>odpowiada za bezpiecze\u0144stwo i\u00a0zdrowie dzieci podczas spacer\u00f3w,<\/p>\n<p>mo\u017ce p\u00f3j\u015b\u0107 z\u00a0dzie\u0107mi na spacer wtedy, gdy jednej osobie doros\u0142ej przyporz\u0105dkuje si\u0119 dziesi\u0119cioro dzieci,<\/p>\n<p>podczas spacer\u00f3w jest wspomagany przez pomoc nauczyciela.<\/p>\n<p>6) Podczas wycieczki poza miasto nauczyciel:<\/p>\n<p>planuje wycieczk\u0119 zgodnie z\u00a0planem rocznym przedszkola,<\/p>\n<p>organizuj\u0105c wycieczk\u0119 korzysta z\u00a0ofert sprawdzonych biur podr\u00f3\u017cy,<\/p>\n<p>uzyskuje zgod\u0119 rodzic\u00f3w (opiekun\u00f3w prawnych) na uczestnictwo dzieci w\u00a0wycieczce,<\/p>\n<p>wype\u0142nia i\u00a0przedstawia dyrektorowi do zaakceptowania Kart\u0119 wycieczki,<\/p>\n<p>ubezpiecza dzieci dodatkowo na czas trwania wycieczki,<\/p>\n<p>przekazuje dyrektorowi dokument ubezpieczenia dzieci i\u00a0zgody rodzic\u00f3w,<\/p>\n<p>informuje rodzic\u00f3w o\u00a0celu, przebiegu, czasie trwania i\u00a0przewidywanym czasie powrotu dzieci z\u00a0wycieczki oraz innych organizacyjnych sprawach zwi\u0105zanych z\u00a0wyjazdem,<\/p>\n<p>zabiera wy\u0142\u0105cznie dzieci zdrowe; wycieczki dzieci przedszkolnych s\u0105 wy\u0142\u0105cznie jednodniowe, trwaj\u0105ce nie d\u0142u\u017cej ni\u017c 6-7 godzin.<\/p>\n<p>7) Obowi\u0105zki rodzic\u00f3w (opiekun\u00f3w prawnych):<\/p>\n<p>przyprowadzenie do przedszkola dziecka zdrowego \u2013\u00a0bez kataru, kaszlu, gor\u0105czki, bez z\u0142ego samopoczucia, do godziny 8.30,<\/p>\n<p>wprowadzenie dziecka do budynku przedszkolnego, do szatni, rozebranie i\u00a0przekazanie pod opiek\u0119 nauczycielowi pe\u0142ni\u0105cemu dy\u017cur lub innemu nauczycielowi, albo pomocy pe\u0142ni\u0105cej dy\u017cur,<\/p>\n<p>opuszczenie budynku przedszkola dopiero po upewnieniu si\u0119, \u017ce dziecko jest pod opiek\u0105 nauczyciela,<\/p>\n<p>odpowiedzialno\u015b\u0107 za zdrowie i\u00a0\u017cycie dziecka tu\u017c po jego odebraniu,<\/p>\n<p>sprawdzenie, czy dziecko nie wnosi do przedszkola przedmiot\u00f3w, zabawek, kt\u00f3re stwarza\u0142yby niebezpiecze\u0144stwo dla niego i\u00a0innych dzieci,<\/p>\n<p>zapewnienie dziecku bezpiecznego, wygodnego ubioru i\u00a0obuwia oraz nakrycia g\u0142owy,<\/p>\n<p>przyprowadzanie i\u00a0odbieranie dziecka wed\u0142ug ustalonych w\u00a0przedszkolu zasad.<\/p>\n<p>6. Przyprowadzanie dziecka do przedszkola<\/p>\n<p>Dzieci do przedszkola przyprowadzane s\u0105 przez rodzic\u00f3w (opiekun\u00f3w prawnych) lub inne osoby doros\u0142e.<\/p>\n<p>Rodzice (opiekunowie prawni) s\u0105 odpowiedzialni za bezpiecze\u0144stwo dzieci w\u00a0drodze do przedszkola.<\/p>\n<p>Rodzice (opiekunowie prawni) s\u0105 zobowi\u0105zani osobi\u015bcie powierzy\u0107 dziecko nauczycielowi lub wo\u017anej pe\u0142ni\u0105cej dy\u017cur. W\u00a0sytuacji, kiedy rodzic (opiekun prawny) nie dope\u0142ni tego obowi\u0105zku, \u017caden pracownik przedszkola nie b\u0119dzie ponosi\u0142 odpowiedzialno\u015bci za bezpiecze\u0144stwo i\u00a0zdrowie dziecka.<\/p>\n<p>W godzinach od 6.30 do 8.00 rodzice (opiekunowie prawni) przyprowadzaj\u0105 dziecko do sali, w\u00a0kt\u00f3rej znajduje si\u0119 grupa dy\u017curuj\u0105ca.<\/p>\n<p>Po godz. 8.00 rodzice (opiekunowie prawni) przyprowadzaj\u0105 dzieci do sali grupy, do kt\u00f3rej dziecko ucz\u0119szcza. Od godz. 8.00 pracuj\u0105 ju\u017c wszystkie grupy.<\/p>\n<p>Dzieci przyprowadzone do grupy dy\u017curuj\u0105cej rozchodz\u0105 si\u0119 do sal swoich grup pod opiek\u0105 nauczyciela prowadz\u0105cego grup\u0119.<\/p>\n<p>Nauczyciel przyjmuj\u0105cy dziecko zobowi\u0105zany jest zwr\u00f3ci\u0107 uwag\u0119 na wnoszone przez dziecko zabawki i\u00a0przedmioty &#8211;\u00a0czy s\u0105 one w\u0142a\u015bciwe, bezpieczne i\u00a0zgodne z\u00a0ustaleniami.<\/p>\n<p>Rodzice (opiekunowie prawni) zobowi\u0105zani s\u0105 przyprowadza\u0107 do przedszkola dziecko zdrowe i\u00a0czyste. Dziecka chorego lub z\u00a0symptomami choroby nie nale\u017cy przyprowadza\u0107 do przedszkola.<\/p>\n<p>Rodzice (opiekunowie prawni) maj\u0105 obowi\u0105zek zg\u0142aszania wszelkich powa\u017cnych dolegliwo\u015bci dziecka i\u00a0udzielania wyczerpuj\u0105cych informacji na ten temat.<\/p>\n<p>Wszelkie przypadki wyst\u0119powania przewlek\u0142ych chor\u00f3b u\u00a0dzieci (w tym alergii pokarmowych) nale\u017cy zg\u0142asza\u0107 wy\u0142\u0105cznie pisemnie, do\u0142\u0105czaj\u0105c za\u015bwiadczenie lekarskie z\u00a0zaleceniami post\u0119powania.<\/p>\n<p>7. Dziecko mo\u017ce by\u0107 odebrane z\u00a0przedszkola przez:<\/p>\n<p>rodzic\u00f3w (opiekun\u00f3w prawnych) lub inne osoby doros\u0142e upowa\u017cnione na pi\u015bmie przez rodzic\u00f3w (opiekun\u00f3w prawnych), zdolnych do podejmowania czynno\u015bci prawnych,<\/p>\n<p>osoby upowa\u017cnione wpisane do o\u015bwiadczenia rodzic\u00f3w (opiekun\u00f3w prawnych) sk\u0142adanego na pocz\u0105tku ka\u017cdego roku szkolnego, oraz jednorazowego o\u015bwiadczenia rodzic\u00f3w (opiekun\u00f3w prawnych) z\u00a0podanym imieniem, nazwiskiem, miejscem zamieszkania, nr dowodu osobistego osoby upowa\u017cnionej do odbioru dziecka w\u00a0danym dniu.<\/p>\n<p>8. Nauczyciel ka\u017cdej grupy powinien wiedzie\u0107 i\u00a0widzie\u0107, kto odbiera dziecko z\u00a0plac\u00f3wki. Jest zobowi\u0105zany do prowadzenia ewidencji adres\u00f3w zamieszkania, numer\u00f3w kontaktowych rodzic\u00f3w (prawnych opiekun\u00f3w) dzieci.<\/p>\n<p>Upowa\u017cnienie z\u0142o\u017cone przez rodzic\u00f3w (opiekun\u00f3w prawnych) pozostaje w\u00a0dokumentacji przedszkola i\u00a0mo\u017ce by\u0107 w\u00a0ka\u017cdej chwili odwo\u0142ane lub zmienione.<\/p>\n<p>Wz\u00f3r upowa\u017cnienia do odbierania dziecka z\u00a0przedszkola stanowi za\u0142\u0105cznik do niniejszej procedury.<\/p>\n<p>Wydanie dziecka osobie upowa\u017cnionej jednorazowo nast\u0105pi po okazaniu przez t\u0119 osob\u0119 dowodu osobistego.<\/p>\n<p>Rodzice (opiekunowie prawni) ponosz\u0105 odpowiedzialno\u015b\u0107 prawn\u0105 za bezpiecze\u0144stwo dziecka odebranego z\u00a0plac\u00f3wki przez upowa\u017cnion\u0105 przez nich osob\u0119.<\/p>\n<p>Je\u015bli dziecko z\u00a0jakiego\u015b powodu nie zechce wyj\u015b\u0107 z\u00a0plac\u00f3wki z\u00a0osob\u0105 upowa\u017cnion\u0105 przez rodzic\u00f3w (opiekun\u00f3w prawnych), dziecko nadal pozostanie pod opiek\u0105 nauczyciela, a\u00a0dyrektor (lub w\u00a0przypadku jego nieobecno\u015bci zast\u0119pca lub inny nauczyciel) niezw\u0142ocznie skontaktuje si\u0119 z\u00a0rodzicami (opiekunami prawnymi) w\u00a0celu ustalenia dalszego post\u0119powania.<\/p>\n<p>Odbi\u00f3r dzieci nast\u0119puje z\u00a0danej grupy do godziny 15.30, a\u00a0z grupy dy\u017curuj\u0105cej od godziny 15.3 do godziny 16.30. Z\u00a0sali mo\u017cna pozwoli\u0107 dziecku wyj\u015b\u0107 dopiero wtedy, gdy rodzic (osoba upowa\u017cniona) dotar\u0142 na miejsce pobytu dzieci.<\/p>\n<p>Przedszkole mo\u017ce odm\u00f3wi\u0107 wydania dziecka w\u00a0przypadku, gdy stan osoby odbieraj\u0105cej dziecko wskazuje na spo\u017cycie alkoholu, jest w\u00a0innej niedyspozycji lub jest agresywny. W\u00a0takim przypadku nauczyciel jest zobowi\u0105zany zatrzyma\u0107 dziecko do wyja\u015bnienia sprawy, skontaktowa\u0107 si\u0119 z\u00a0drugim rodzicem lub osob\u0105 upowa\u017cnion\u0105. O\u00a0zaistnia\u0142ym fakcie powinien by\u0107 poinformowany dyrektor, a\u00a0w przypadku zwolnienia lekarskiego lub urlopu dyrektora, jego zast\u0119pca.<\/p>\n<p>\u017b\u0105danie rodzic\u00f3w (opiekun\u00f3w prawnych) dotycz\u0105ce zakazu odbierania dziecka przez jednego z\u00a0nich musi by\u0107 po\u015bwiadczone przez orzeczenie s\u0105dowe.<\/p>\n<p>Post\u0119powanie w\u00a0sytuacji nieodebrania dziecka z\u00a0przedszkola lub zg\u0142oszenia si\u0119 po dziecko osoby nieb\u0119d\u0105cej w\u00a0stanie sprawowa\u0107 opieki nad dzieckiem.<\/p>\n<p>Dzieci powinny by\u0107 odebrane z\u00a0przedszkola do godz. 16.30 .<\/p>\n<p>W przypadku braku mo\u017cliwo\u015bci odebrania dziecka z\u00a0przedszkola w\u00a0godzinach jego pracy (sytuacje losowe) rodzice (opiekunowie prawni) zobowi\u0105zani s\u0105 do poinformowania o\u00a0zaistnia\u0142ej sytuacji oraz uzgodnienia innego sposobu odbioru dziecka.<\/p>\n<p>W razie wyczerpania wszystkich mo\u017cliwo\u015bci odebrania dziecka z\u00a0przedszkola przez rodzic\u00f3w (opiekun\u00f3w prawnych) lub os\u00f3b upowa\u017cnionych pisemnie, nauczyciel ma obowi\u0105zek powiadomi\u0107 o\u00a0zaistnia\u0142ej sytuacji dyrektora przedszkola oraz skontaktowa\u0107 si\u0119 z\u00a0policj\u0105. Z\u00a0przebiegu zaistnia\u0142ej sytuacji nauczyciel sporz\u0105dza protok\u00f3\u0142 zdarzenia podpisany przez \u015bwiadk\u00f3w, kt\u00f3ry zostaje przekazany do wiadomo\u015bci dyrektora, Rady Pedagogicznej, Rady Rodzic\u00f3w.<\/p>\n<p>Dziecko w\u00a0przedszkolu ma obowi\u0105zek<\/p>\n<p>sygnalizowa\u0107 nauczycielom ch\u0119\u0107 wyj\u015bcia z\u00a0sali do toalety,<\/p>\n<p>b\u0119d\u0105c w\u00a0ogrodzie powiadamia\u0107 nauczyciela o\u00a0zamiarze p\u00f3j\u015bcia do toalety.<\/p>\n<p>nie przynosi\u0107 do przedszkola picia, jedzenia oraz okular\u00f3w przeciws\u0142onecznych i\u00a0zabawek, kt\u00f3re zagra\u017ca\u0142yby bezpiecze\u0144stwu jego i\u00a0innych dzieci.<\/p>\n<p>uzgadnia\u0107 z\u00a0rodzicami (opiekunami prawnymi) i\u00a0nauczycielami dzie\u0144, w\u00a0kt\u00f3rym mog\u0105 przynie\u015b\u0107 do przedszkola swoj\u0105 ulubion\u0105 zabawk\u0119.<\/p>\n<p>Dzieci musz\u0105 zawsze powiadamia\u0107 nauczyciela o\u00a0zadrapaniach, skaleczeniach, uderzeniach i\u00a0innych wypadkach<\/p>\n<\/div>\n<\/div>\n","protected":false},"excerpt":{"rendered":"<p>REGULAMIN BEZPIECZE\u0143STWA DZIECI w Miejskim Przedszkolu Nr 2 w Kwidzynie Na bezpiecze\u0144stwo dziecka sk\u0142ada si\u0119 bezpiecze\u0144stwo fizyczne i\u00a0psychiczne. Bezpiecze\u0144stwo fizyczne polega w\u00a0szczeg\u00f3lno\u015bci na chronieniu dzieci przed urazami, b\u00f3lem, utrat\u0105 zdrowia i\u00a0\u017cycia. Bezpiecze\u0144stwo psychiczne polega w\u00a0szczeg\u00f3lno\u015bci na w\u0142a\u015bciwym komunikowaniu si\u0119 z\u00a0dzieckiem, akceptacji, tolerancji dziecka bez wzgl\u0119du na posiadany potencja\u0142 rozwojowy, status spo\u0142eczny i\u00a0pochodzenie. Przedszkole sprawuje opiek\u0119 &hellip; <\/p>\n<p class=\"link-more\"><a href=\"https:\/\/mp2kwidzyn.pl\/index.php\/regulamin-bezpieczenstwa-dzieci\/\" class=\"more-link\">Continue reading<span class=\"screen-reader-text\"> &#8222;Regulamin bezpiecze\u0144stwa dzieci&#8221;<\/span><\/a><\/p>\n","protected":false},"author":1,"featured_media":0,"parent":0,"menu_order":0,"comment_status":"closed","ping_status":"closed","template":"","meta":{"footnotes":""},"class_list":["post-311","page","type-page","status-publish","hentry"],"_links":{"self":[{"href":"https:\/\/mp2kwidzyn.pl\/index.php\/wp-json\/wp\/v2\/pages\/311","targetHints":{"allow":["GET"]}}],"collection":[{"href":"https:\/\/mp2kwidzyn.pl\/index.php\/wp-json\/wp\/v2\/pages"}],"about":[{"href":"https:\/\/mp2kwidzyn.pl\/index.php\/wp-json\/wp\/v2\/types\/page"}],"author":[{"embeddable":true,"href":"https:\/\/mp2kwidzyn.pl\/index.php\/wp-json\/wp\/v2\/users\/1"}],"replies":[{"embeddable":true,"href":"https:\/\/mp2kwidzyn.pl\/index.php\/wp-json\/wp\/v2\/comments?post=311"}],"version-history":[{"count":5,"href":"https:\/\/mp2kwidzyn.pl\/index.php\/wp-json\/wp\/v2\/pages\/311\/revisions"}],"predecessor-version":[{"id":320,"href":"https:\/\/mp2kwidzyn.pl\/index.php\/wp-json\/wp\/v2\/pages\/311\/revisions\/320"}],"wp:attachment":[{"href":"https:\/\/mp2kwidzyn.pl\/index.php\/wp-json\/wp\/v2\/media?parent=311"}],"curies":[{"name":"wp","href":"https:\/\/api.w.org\/{rel}","templated":true}]}}