{"id":321,"date":"2025-02-25T21:52:28","date_gmt":"2025-02-25T21:52:28","guid":{"rendered":"https:\/\/mp2kwidzyn.pl\/?page_id=321"},"modified":"2025-03-19T07:01:48","modified_gmt":"2025-03-19T07:01:48","slug":"deklaracja-dostepnosci","status":"publish","type":"page","link":"https:\/\/mp2kwidzyn.pl\/index.php\/deklaracja-dostepnosci\/","title":{"rendered":"Deklaracja Dost\u0119pno\u015bci"},"content":{"rendered":"<header class=\"pub-heading\">\n<h2 style=\"text-align: center;\"><strong>Miejskie Przedszkole nr 2 w Kwidzynie<\/strong><\/h2>\n<p style=\"text-align: center;\"><span style=\"color: #333333; font-size: 1rem;\">\u00a0zobowi\u0105zuje si\u0119 zapewni\u0107 dost\u0119pno\u015b\u0107 swojej strony internetowej zgodnie z ustaw\u0105 z dnia 4 kwietnia 2019 r. o dost\u0119pno\u015bci cyfrowej stron internetowych i aplikacji mobilnych podmiot\u00f3w publicznych. O\u015bwiadczenie w sprawie dost\u0119pno\u015bci ma zastosowanie do <\/span>strony internetowej:<br \/>\n<a href=\"https:\/\/mp2kwidzyn.pl\">Miejskiego Przedszkola nr 2 <\/a><a href=\"https:\/\/mp2kwidzyn.pl\">w Kwidzynie<span style=\"color: #333333; font-size: 1rem;\">.<\/span><\/a><\/p>\n<\/header>\n<div class=\"pub-body\">\n<div class=\"text\">\n<div class=\"page-header\">\n<h3>Daty publikacji i\u00a0aktualizacji<\/h3>\n<\/div>\n<p>Data publikacji strony internetowej:\u00a0<span id=\"a11y-data-publikacja\">2025-02-26<\/span><br \/>\nData ostatniej istotnej aktualizacji:\u00a0<span id=\"a11y-data-aktualizacja\">2025-02-27<\/span><\/p>\n<div id=\"a11y-status\">\n<div class=\"page-header\">\n<h3>Status pod wzgl\u0119dem zgodno\u015bci z\u00a0ustaw\u0105<\/h3>\n<\/div>\n<p>Strona internetowa jest cz\u0119\u015bciowo zgodna z\u00a0ustaw\u0105 z\u00a0dnia 4\u00a0kwietnia 2019 r. o\u00a0dost\u0119pno\u015bci cyfrowej stron internetowych i\u00a0aplikacji mobilnych podmiot\u00f3w publicznych z\u00a0powodu niezgodno\u015bci lub wy\u0142\u0105cze\u0144 wymienionych poni\u017cej:<\/p>\n<ul>\n<li style=\"list-style-type: none;\">\n<ul>\n<li>Niekt\u00f3re informacje przedstawiono jedynie w\u00a0formie graficznej.<\/li>\n<li>Cz\u0119\u015b\u0107 zdj\u0119\u0107 nie posiada opisu alternatywnego.<\/li>\n<li>Na niekt\u00f3rych stronach brak jest odpowiedniej struktury nag\u0142\u00f3wkowej artyku\u0142\u00f3w.<\/li>\n<\/ul>\n<\/li>\n<\/ul>\n<\/div>\n<p>O\u015bwiadczenie sporz\u0105dzono dnia:\u00a0<span id=\"a11y-data-sporzadzenie\">2025-02-25<\/span>.<\/p>\n<p>Deklaracj\u0119 sporz\u0105dzono na podstawie samooceny przeprowadzonej przez podmiot publiczny.<\/p>\n<div class=\"page-header\">\n<h3><strong>Skr\u00f3ty klawiaturowe<\/strong><\/h3>\n<\/div>\n<p>Strona internetowa nie jest wyposa\u017cona w\u00a0skr\u00f3ty klawiaturowe, kt\u00f3re mog\u0142yby wchodzi\u0107 w\u00a0konflikt z\u00a0technologiami asystuj\u0105cymi (np. programy czytaj\u0105ce), systemem lub aplikacjami u\u017cytkownik\u00f3w.<\/p>\n<p>Na stronie przegl\u0105darki mo\u017cna u\u017cywa\u0107 standardowych skr\u00f3t\u00f3w klawiaturowych.<\/p>\n<div class=\"page-header\">\n<h3 id=\"a11y-kontakt\"><strong>Informacje zwrotne i\u00a0dane kontaktowe<\/strong><\/h3>\n<\/div>\n<p>W przypadku problem\u00f3w z dost\u0119pno\u015bci\u0105 cyfrowej dla os\u00f3b niepe\u0142nosprawnych strony internetowej prosimy o kontakt. Osob\u0105 odpowiedzialn\u0105 jest Monika Lemieszek \u2013 Cywi\u0144ska, adres poczty elektronicznej: <strong><br \/>\n<\/strong><\/p>\n<p><strong>sekretariat@mp2.kwidzyn.pl<\/strong><\/p>\n<p>Kontaktowa\u0107 mo\u017cna si\u0119 tak\u017ce dzwoni\u0105c na numer telefonu 532 990 271. T\u0105 sam\u0105 drog\u0105 mo\u017cna sk\u0142ada\u0107 wnioski o udost\u0119pnienie informacji niedost\u0119pnej oraz sk\u0142ada\u0107 skargi na brak zapewnienia dost\u0119pno\u015bci.<\/p>\n<p>Ka\u017cdy ma prawo do wyst\u0105pienia z\u00a0\u017c\u0105daniem zapewnienia dost\u0119pno\u015bci cyfrowej strony internetowej, aplikacji mobilnej lub jakiego\u015b ich elementu. Mo\u017cna tak\u017ce za\u017c\u0105da\u0107 udost\u0119pnienia informacji za pomoc\u0105 alternatywnego sposobu dost\u0119pu, na przyk\u0142ad przez odczytanie niedost\u0119pnego cyfrowo dokumentu, opisanie zawarto\u015bci filmu bez audio deskrypcji itp. \u017b\u0105danie powinno zawiera\u0107 dane osoby zg\u0142aszaj\u0105cej \u017c\u0105danie, wskazanie, o\u00a0kt\u00f3r\u0105 stron\u0119 internetow\u0105 chodzi oraz spos\u00f3b kontaktu. Je\u017celi osoba \u017c\u0105daj\u0105ca zg\u0142asza potrzeb\u0119 otrzymania informacji za pomoc\u0105 alternatywnego sposobu dost\u0119pu, powinna tak\u017ce okre\u015bli\u0107 dogodny dla niej spos\u00f3b przedstawienia tej informacji. Podmiot publiczny powinien zrealizowa\u0107 \u017c\u0105danie niezw\u0142ocznie, nie p\u00f3\u017aniej ni\u017c w\u00a0ci\u0105gu 7\u00a0dni od dnia wyst\u0105pienia z\u00a0\u017c\u0105daniem. Je\u017celi dotrzymanie tego terminu nie jest mo\u017cliwe, podmiot publiczny niezw\u0142ocznie informuje o\u00a0tym wnosz\u0105cego \u017c\u0105danie, kiedy realizacja \u017c\u0105dania b\u0119dzie mo\u017cliwa, przy czym termin ten nie mo\u017ce by\u0107 d\u0142u\u017cszy ni\u017c 2\u00a0miesi\u0105ce od dnia wyst\u0105pienia z\u00a0\u017c\u0105daniem. Je\u017celi zapewnienie dost\u0119pno\u015bci cyfrowej nie jest mo\u017cliwe, podmiot publiczny mo\u017ce zaproponowa\u0107 alternatywny spos\u00f3b dost\u0119pu do informacji. W\u00a0przypadku, gdy podmiot publiczny odm\u00f3wi realizacji \u017c\u0105dania zapewnienia dost\u0119pno\u015bci lub alternatywnego sposobu dost\u0119pu do informacji, wnosz\u0105cy \u017c\u0105danie mo\u017cne z\u0142o\u017cy\u0107 skarg\u0119. Po wyczerpaniu wskazanej wy\u017cej procedury mo\u017cna tak\u017ce z\u0142o\u017cy\u0107 wniosek do Rzecznika Praw Obywatelskich.<\/p>\n<p>Link do strony internetowej Rzecznika Praw Obywatelskich (<a href=\"http:\/\/www.rpo.gov.pl\">www.rpo.gov.pl<\/a> )<\/p>\n<div class=\"page-header\">\n<h3 id=\"a11y-atchitektura\"><strong>Dost\u0119pno\u015b\u0107 architektoniczna<\/strong><\/h3>\n<\/div>\n<ol>\n<li>Usytuowanie, lokalizacja obiektu, opis og\u00f3lny budynku. Nazwa obiektu i\u00a0lokalizacja<br \/>\nMiejskie Przedszkole nr 2\u00a0w Kwidzynie mie\u015bci si\u0119 czasowo w\u00a0po\u0142udniowej cz\u0119\u015bci budynku Szko\u0142y Podstawowej nr 6\u00a0z Oddzia\u0142ami Integracyjnymi im. W\u0142adys\u0142awa G\u0119bika w\u00a0Kwidzynie (skrzyd\u0142o III) przy ulicy Grunwaldzkiej 54.<br \/>\nWej\u015bcie do Przedszkola znajduje si\u0119 od ulicy Sportowej (nr 10, 11). Dodatkowe wej\u015bcia do budynku (nr 7, 8, 9) s\u0105 mo\u017cliwe z\u00a0przej\u015bcia od ulicy \u017beromskiego przez boiska i\u00a0plac zabaw.<br \/>\nStrona wschodnia budynku szko\u0142y(skrzyd\u0142o III) \u0142\u0105czy si\u0119 z\u00a0miejsk\u0105 hal\u0105 sportow\u0105 od ulicy \u017beromskiego, a\u00a0wej\u015bcie wewn\u0119trzne (nr 12) na hal\u0119 jest dost\u0119pne poprzez schody lub schodo\u0142az z\u00a0kondygnacji piwnicznej budynku.<br \/>\nBudynek jest wolnostoj\u0105cy, murowany, tr\u00f3jskrzyd\u0142owy, jednopi\u0119trowy, trzykondygnacyjny (dwie kondygnacje nadziemne oraz jedna podziemna.<br \/>\nSale przedszkolne, kuchnia, pomieszczenia biurowe i\u00a0sanitarne mieszcz\u0105 si\u0119 na wysokim parterze, a\u00a0pomieszczenia gospodarcze i\u00a0gabinet dyrektora na niskim parterze. Dost\u0119p do przedszkola nadzoruje wyznaczony pracownik szko\u0142y.<br \/>\nInformacje o\u00a0miejscu i\u00a0sposobie korzystania z\u00a0miejsc parkingowych, w\u00a0tym wyznaczonych dla os\u00f3b niepe\u0142nosprawnych.<br \/>\nDo cz\u0119\u015bci przedszkolnej zapewniony jest bezkolizyjny dojazd bram\u0105 od ulicy \u017beromskiego, kt\u00f3ra prowadzi na parking. Szeroko\u015b\u0107 dojazdu umo\u017cliwia poruszanie si\u0119 pojazd\u00f3w os\u00f3b niepe\u0142nosprawnych oraz transportuj\u0105cych w\u00f3zki os\u00f3b niepe\u0142nosprawnych. Droga z\u00a0parkingu do wej\u015bcia na teren szko\u0142y jest przystosowana do poruszania si\u0119 w\u00f3zkami inwalidzkimi.<br \/>\nDroga do wej\u015bcia nr 4 do szko\u0142y, szeroko\u015b\u0107 przejazdu i drzwi s\u0105 przystosowane dla w\u00f3zk\u00f3w inwalidzkich. Dost\u0119pno\u015b\u0107 wej\u015bcia do budynku i przechodzenie przez obszar kontroli.<br \/>\nDo przedszkola jest 5\u00a0drzwi wej\u015bciowych, rozmieszczonych od strony p\u00f3\u0142nocnej, po\u0142udniowej i\u00a0wschodniej, aby w\u00a0sytuacji zagro\u017cenia zapewni\u0107 ewakuacj\u0119 os\u00f3b. Drogi ewakuacyjne i\u00a0punkty zbi\u00f3rki s\u0105 oznakowane. Pracownicy zostali przeszkoleni zgodnie z\u00a0obowi\u0105zuj\u0105c\u0105 w\u00a0przedszkolu \u00a0procedur\u0105. Wej\u015bcie od ulicy Sportowej jest przeznaczone dla dzieci przedszkolnych. W\u00a0okresie korzystania z\u00a0placu zabaw otwierane s\u0105 dodatkowe dwa wej\u015bcia do budynku. Szeroko\u015b\u0107 drzwi, przejazd\u00f3w dostosowana jest do ruchu w\u00f3zk\u00f3w inwalidzkich.<br \/>\nDo przedszkola mo\u017cna prowadz\u0105 wej\u015bcia nr 10 i\u00a011, kt\u00f3re s\u0105 monitorowane (kamera zewn\u0119trzna). W\u00a0drzwiach zamocowane s\u0105 d\u017awignie antypaniczne.<br \/>\nDost\u0119p do przedszkola nadzoruje wyznaczony pracownik.<br \/>\nWej\u015bcia s\u0105 zadaszone, posiadaj\u0105 dzwonek przyzywowy, schody (6 stopni) i\u00a0por\u0119cz od strony zewn\u0119trznej ci\u0105gu komunikacyjnego, bez podjazdu. Umo\u017cliwiaj\u0105 poruszanie si\u0119 samodzielne os\u00f3b z\u00a0nieznaczn\u0105 niepe\u0142nosprawno\u015bci\u0105 ruchow\u0105. Dla os\u00f3b niepe\u0142nosprawnych dostosowane s\u0105 wej\u015bcia nr 7,8,9. Wej\u015bcia opr\u00f3cz schod\u00f3w posiadaj\u0105 podjazd (pochylni\u0119) u\u0142atwiaj\u0105c\u0105 poruszanie si\u0119 na w\u00f3zkach inwalidzkich.<br \/>\nOd godz. 8.00do 13.00 wszystkie wej\u015bcia s\u0105 zamkni\u0119te i\u00a0dozorowane. Poruszanie si\u0119 po obiekcie osobom nie b\u0119d\u0105cym sta\u0142ymi u\u017cytkownikami obiektu, w\u00a0tym osobom poruszaj\u0105cym si\u0119 na w\u00f3zkach inwalidzkich (samodzielne, z\u00a0pomoc\u0105 os\u00f3b trzecich) nie jest mo\u017cliwe. Poruszanie si\u0119 w\u00a0uk\u0142adzie pionowym osobom z\u00a0niepe\u0142nosprawno\u015bci\u0105 ruchow\u0105 jest mo\u017cliwe z\u00a0u\u017cyciem schodo\u0142aza i\u00a0w\u00f3zka, co nale\u017cy wcze\u015bniej zg\u0142osi\u0107 pracownikowi przedszkola. Komunikacja pionowa os\u00f3b z\u00a0niepe\u0142nosprawno\u015bci\u0105 ruchow\u0105 lub poruszaj\u0105cych si\u0119 na w\u00f3zkach inwalidzkich, odbywa\u0107 si\u0119 mo\u017ce z\u00a0pomoc\u0105 os\u00f3b trzecich poprzez pomoc w\u00a0poruszaniu si\u0119 lub zniesienie i\u00a0wyniesienie w\u00f3zka z\u00a0osob\u0105 niepe\u0142nosprawn\u0105, pomi\u0119dzy kondygnacjami lub na zewn\u0105trz budynku.<br \/>\nPo sygnale dzwonka nadzoruj\u0105cy wej\u015bcie pracownik przedszkola post\u0119puje zgodnie z\u00a0procedur\u0105 wej\u015bcia, udziela stosownych informacji. Dalsze poruszanie si\u0119 po obiekcie osobom, mo\u017cliwe jest tylko w\u00a0obecno\u015bci pracownika wskazanego przez dyrektora przedszkola.<br \/>\nOsoba nie b\u0119d\u0105ca sta\u0142ym u\u017cytkownikiem obiektu, w\u00a0obecno\u015bci pracownika, skierowana jest do sekretariatu, gdzie mo\u017ce uzyska\u0107 wszelkich oczekiwanych informacji czy za\u0142atwienia konkretnej sprawy. Pomieszczenie umo\u017cliwia bezpo\u015brednie prowadzenie rozm\u00f3w z\u00a0innymi pracownikami szko\u0142y. Pracownik przedszkola pomo\u017ce w\u00a0wype\u0142nieniu lub sporz\u0105dzeniu wymaganej przy sprawie dokumentacji czy formularzy.<br \/>\nW budynku plac\u00f3wki korytarze, schody i\u00a0balustrady schod\u00f3w s\u0105 zgodne z\u00a0prawem budowlanym.<br \/>\nZnajduj\u0105cy si\u0119 w\u00a0skrzydle III w\u00a0cz\u0119\u015bci piwnicznej korytarz prowadzi do drzwi wewn\u0119trznych nr 12, kt\u00f3re poprzez \u0142\u0105cznik \u0142\u0105cz\u0105 plac\u00f3wk\u0119 z\u00a0obiektem hali sportowej KCSiR.<br \/>\nNa parterze g\u0142\u00f3wnego budynku szko\u0142y dostosowane s\u0105 dwa pomieszczenia sanitarno-higieniczne (wc) dla os\u00f3b poruszaj\u0105cych si\u0119 na w\u00f3zkach inwalidzkich. W budynku nie ma p\u0119tli indukcyjnych, oznacze\u0144 w alfabecie brajla ani oznacze\u0144 kontrastowych lub w druku powi\u0119kszonym dla os\u00f3b niewidomych i s\u0142abowidz\u0105cych. Miejskie Przedszkole nr 2 w Kwidzynie zapewnia dost\u0119p do \u015bwiadcze\u0144 us\u0142ug t\u0142umacza j\u0119zyka migowego. Zgodnie z ustaw\u0105 z dnia 19 sierpnia 2011 roku o j\u0119zyku migowym i innych \u015brodkach komunikowania si\u0119 (tj. Dz.U. z 2017 r. poz.1824), zapewnia dost\u0119p do \u015bwiadczenia us\u0142ug t\u0142umacza j\u0119zyka migowego. \u015awiadczenie jest bezp\u0142atne dla osoby uprawnionej, b\u0119d\u0105cej osob\u0105 niepe\u0142nosprawn\u0105 w rozumieniu ustawy z dnia 27 sierpnia 1997 r. o rehabilitacji zawodowej i spo\u0142ecznej oraz zatrudnianiu os\u00f3b niepe\u0142nosprawnych (tj. Dz.U. z 2016 r. poz.2046 z p\u00f3\u017an. zm.).<br \/>\nOsoby uprawnione, winny zg\u0142osi\u0107 wol\u0119 skorzystania z us\u0142ug t\u0142umacza j\u0119zyka migowego co najmniej na 3 dni robocze przed tym zdarzeniem, (z wy\u0142\u0105czeniem sytuacji nag\u0142ych) do sekretariatu Miejskiego Przedszkola nr 2 w Kwidzynie, telefonicznie (lub faksem) pod nr 55 2793444 wew. 25 lub elektronicznie na adres: sekretariat@mp2.kwidzyn.pl<\/li>\n<li>Informacja o prawie wst\u0119pu z psem asystuj\u0105cym i ewentualnych uzasadnionych ograniczeniach.<br \/>\n1) Do budynku mo\u017ce wej\u015b\u0107 osoba z\u00a0psem asystuj\u0105cym.<br \/>\n2) Pies asystuj\u0105cy jako przewodnik osoby niewidomej lub niedowidz\u0105cej lub asystent osoby niepe\u0142nosprawnej ruchowo, kt\u00f3ry u\u0142atwia osobie niepe\u0142nosprawnej aktywne uczestnictwo w\u00a0\u017cyciu spo\u0142ecznym, ma prawo wst\u0119pu na teren i\u00a0obiekty szko\u0142y po spe\u0142nieniu przez jego opiekuna wymaga\u0144 prawnych. Konieczne jest w\u00a0chwili wej\u015bcia i\u00a0przebywania:<br \/>\na) wyposa\u017cenie psa asystuj\u0105cego w\u00a0uprz\u0105\u017c i\u00a0odpowiednie jego oznakowanie, a\u00a0ze wzgl\u0119d\u00f3w bezpiecze\u0144stwa powinien mie\u0107 za\u0142o\u017cony kaganiec,<br \/>\nb) posiadanie przez osob\u0119 z\u00a0niepe\u0142nosprawno\u015bci\u0105 certyfikatu potwierdzaj\u0105cego status psa asystuj\u0105cego oraz aktualne za\u015bwiadczenie lekarsko-weterynaryjne (ksi\u0105\u017ceczka zdrowia psa) o\u00a0wykonaniu wymaganych szczepie\u0144.<br \/>\n3) Na \u017c\u0105danie Dyrektora Przedszkola, nale\u017cy okaza\u0107 wymagane dokumenty: certyfikat oraz ksi\u0105\u017ceczk\u0119 zdrowia psa. Ich brak lub nieokazanie, mo\u017ce skutkowa\u0107 odmow\u0105 wej\u015bcia na teren i\u00a0do obiekt\u00f3w szko\u0142y.<br \/>\n4) Osoba z\u00a0psem mo\u017ce wej\u015b\u0107 do obiekt\u00f3w Przedszkola wej\u015bciem nr 10. Decyzj\u0119 o\u00a0tym czy pies mo\u017ce towarzyszy\u0107 osobie z\u00a0niepe\u0142nosprawno\u015bci\u0105 podczas pobytu w\u00a0przedszkolu, oraz o\u00a0tym, czy pies b\u0119dzie w\u00a0kaga\u0144cu, czy pozostawiony, uwi\u0105zany przed wej\u015bciem, podejmuje ka\u017cdorazowo Dyrektor Przedszkola.<br \/>\n5) Zgodnie z\u00a0art. 20a ust. 3\u00a0Ustawy o\u00a0rehabilitacji, mo\u017cliwo\u015b\u0107 korzystania z\u00a0uprawnie\u0144 nie zwalnia osoby z\u00a0niepe\u0142nosprawno\u015bci\u0105 z\u00a0odpowiedzialno\u015bci za szkody wyrz\u0105dzone przez psa asystuj\u0105cego. Odpowiedzialno\u015b\u0107 ta jest pe\u0142na i\u00a0nie zale\u017cy od tego, czy dany czyn by\u0142 zawiniony, czy te\u017c\u00a0nie.<\/li>\n<\/ol>\n<p><strong><span style=\"font-size: 1.125rem;\">Informacje uzupe\u0142niaj\u0105ce<\/span><\/strong><\/p>\n<p>Nasz serwis <a href=\"https:\/\/mp2kwidzyn.pl\">https:\/\/mp2kwidzyn.pl<\/a> zosta\u0142 zaprojektowany zgodnie ze standardem <strong>WCAG 2.1<\/strong>\u00a0tak, aby by\u0142 mo\u017cliwy do obs\u0142u\u017cenia dla jak najszerszej grupy u\u017cytkownik\u00f3w, niezale\u017cnie od u\u017cywanej technologii, oprogramowania lub posiadanej dysfunkcji (<a class=\"test-barier\" title=\"poszukiwanie barier dla os\u00f3b z\u00a0niepe\u0142nosprawno\u015bciami (test podstawowy)\" href=\"http:\/\/checkers.eiii.eu\/en\/pagecheck2.0\/?uuid=5bb7befc-8f07-4bb5-aa2b-f37c8ac12ece\" target=\"_blank\" rel=\"nofollow noopener\">\u00a0test<\/a>).<\/p>\n<p>Serwis jest zgodny ze standardami\u00a0<abbr lang=\"en\" title=\"World Wide Web Consortium\">W3C<\/abbr>:<\/p>\n<ul class=\"icons starlist\">\n<li>HTML5<\/li>\n<li><abbr lang=\"en\" title=\"Web Content Accessibility Guidelines\">WCAG<\/abbr>\u00a02.1 (minimum\u00a0AA)<\/li>\n<\/ul>\n<p>Serwis spe\u0142nia wszelkie normy Europejskie zawarte w\u00a0dokumentach:<\/p>\n<p>Unii Europejskiej:<\/p>\n<ul class=\"icons starlist\">\n<li>Deklaracja Ministr\u00f3w z\u00a011 czerwca\u00a02006\u00a0r.<\/li>\n<li>Inicjatywa\u00a0i2010<\/li>\n<li>Dyrektywa Parlamentu Europejskiego i\u00a0Rady UE 2016\/2102 z\u00a0dnia 26 pa\u017adziernika\u00a02016\u00a0r.<\/li>\n<\/ul>\n<p>ONZ: Konwencja Praw Os\u00f3b Niepe\u0142nosprawnych<\/p>\n<div class=\"page-header\">\n<h4 class=\"title\">Kompatybilno\u015b\u0107<\/h4>\n<\/div>\n<div class=\"image-wrap clearfix\">\n<div class=\"col-xs-16\">\n<p>Serwis jest w pe\u0142ni rozpoznawalny przez programy czytaj\u0105ce dla os\u00f3b niewidomych Window-Eyes, JAWS czy NVDA.<\/p>\n<p>Obs\u0142uga serwisu mo\u017cliwa jest zar\u00f3wno przy pomocy myszki. jak i\u00a0wy\u0142\u0105cznie samej klawiatury (przy u\u017cyciu klawiszy\u00a0<strong class=\"keycap\"><a title=\"\" href=\"https:\/\/www.p2-kwidzyn.4bip.pl\/deklaracja-dostepnosci.html#tabulator\" data-htmlarea-internal=\"1\" data-original-title=\"naci\u015bnij przycisk Tab\">Tab<\/a><\/strong>\u00a0,\u00a0<strong class=\"keycap\">Shift<\/strong>\u00a0+\u00a0<strong class=\"keycap\">Tab<\/strong>\u00a0,\u00a0<strong class=\"keycap\">Enter<\/strong>\u00a0i\u00a0strza\u0142ek kierunkowych)<\/p>\n<\/div>\n<\/div>\n<div class=\"page-header\">\n<h4 class=\"title\">Wygl\u0105d<\/h4>\n<\/div>\n<p>Serwis jest wyposa\u017cony w\u00a0mechanizmy u\u0142atwiaj\u0105ce przegl\u0105danie tre\u015bci przez osoby niedowidz\u0105ce:<\/p>\n<ul class=\"icons checklist\">\n<li>Zmiana wielko\u015bci\u00a0czcionki,<\/li>\n<li>Zmiana odst\u0119p\u00f3w w\u00a0tek\u015bcie (mi\u0119dzy znakami, s\u0142owami,\u00a0liniami),<\/li>\n<li>Zmiana\u00a0kontrastu.<\/li>\n<\/ul>\n<div class=\"page-header\">\n<h4 class=\"title\">Pomoc w\u00a0nawigacji:<\/h4>\n<\/div>\n<p>Na wszystkich stronach znajduje si\u0119 wyszukiwarka.<\/p>\n<div class=\"page-header\">\n<h4 class=\"title\">Wersja mobilna \u2014\u00a0dzia\u0142anie na r\u00f3\u017cnych urz\u0105dzeniach<\/h4>\n<\/div>\n<p>Serwis zosta\u0142 zbudowany w\u00a0oparciu o\u00a0metod\u0119 \u201e<a lang=\"en\" title=\"Link do artyku\u0142u nt. tej strategii. Artyku\u0142 w\u00a0j\u0119zyku angielskim\" href=\"http:\/\/alistapart.com\/article\/responsive-web-design\" target=\"_blank\" rel=\"noopener\" aria-label=\"Responsive Web Design\">Responsive Web Design<\/a>\u201d, w\u00a0skr\u00f3cie RWD. Metoda ta sprawia, \u017ce serwis automatycznie dostosowuje wy\u015bwietlanie do rozdzielczo\u015bci oraz wielko\u015bci ekranu.<\/p>\n<p>Nie wymaga powi\u0119kszania, ani przewijania w\u00a0kierunku poziomym.<\/p>\n<p>W urz\u0105dzeniach takich jak tablety, smartfony, telefony kom\u00f3rkowe serwis jest znacznie bardziej czytelny i\u00a0przyjazny w\u00a0obs\u0142udze.<\/p>\n<div class=\"page-header\"><\/div>\n<p id=\"zakres-audytu\">\n<\/div>\n<\/div>\n","protected":false},"excerpt":{"rendered":"<p>Miejskie Przedszkole nr 2 w Kwidzynie \u00a0zobowi\u0105zuje si\u0119 zapewni\u0107 dost\u0119pno\u015b\u0107 swojej strony internetowej zgodnie z ustaw\u0105 z dnia 4 kwietnia 2019 r. o dost\u0119pno\u015bci cyfrowej stron internetowych i aplikacji mobilnych podmiot\u00f3w publicznych. O\u015bwiadczenie w sprawie dost\u0119pno\u015bci ma zastosowanie do strony internetowej: Miejskiego Przedszkola nr 2 w Kwidzynie. Daty publikacji i\u00a0aktualizacji Data publikacji strony internetowej:\u00a02025-02-26 Data &hellip; <\/p>\n<p class=\"link-more\"><a href=\"https:\/\/mp2kwidzyn.pl\/index.php\/deklaracja-dostepnosci\/\" class=\"more-link\">Continue reading<span class=\"screen-reader-text\"> &#8222;Deklaracja Dost\u0119pno\u015bci&#8221;<\/span><\/a><\/p>\n","protected":false},"author":1,"featured_media":0,"parent":0,"menu_order":0,"comment_status":"closed","ping_status":"closed","template":"","meta":{"footnotes":""},"class_list":["post-321","page","type-page","status-publish","hentry"],"_links":{"self":[{"href":"https:\/\/mp2kwidzyn.pl\/index.php\/wp-json\/wp\/v2\/pages\/321","targetHints":{"allow":["GET"]}}],"collection":[{"href":"https:\/\/mp2kwidzyn.pl\/index.php\/wp-json\/wp\/v2\/pages"}],"about":[{"href":"https:\/\/mp2kwidzyn.pl\/index.php\/wp-json\/wp\/v2\/types\/page"}],"author":[{"embeddable":true,"href":"https:\/\/mp2kwidzyn.pl\/index.php\/wp-json\/wp\/v2\/users\/1"}],"replies":[{"embeddable":true,"href":"https:\/\/mp2kwidzyn.pl\/index.php\/wp-json\/wp\/v2\/comments?post=321"}],"version-history":[{"count":14,"href":"https:\/\/mp2kwidzyn.pl\/index.php\/wp-json\/wp\/v2\/pages\/321\/revisions"}],"predecessor-version":[{"id":1143,"href":"https:\/\/mp2kwidzyn.pl\/index.php\/wp-json\/wp\/v2\/pages\/321\/revisions\/1143"}],"wp:attachment":[{"href":"https:\/\/mp2kwidzyn.pl\/index.php\/wp-json\/wp\/v2\/media?parent=321"}],"curies":[{"name":"wp","href":"https:\/\/api.w.org\/{rel}","templated":true}]}}