{"id":4326,"date":"2026-01-20T20:37:57","date_gmt":"2026-01-20T20:37:57","guid":{"rendered":"https:\/\/mp2kwidzyn.pl\/?page_id=4326"},"modified":"2026-01-20T21:17:01","modified_gmt":"2026-01-20T21:17:01","slug":"galeria","status":"publish","type":"page","link":"https:\/\/mp2kwidzyn.pl\/index.php\/galeria\/","title":{"rendered":"Galeria"},"content":{"rendered":"<p><u><img loading=\"lazy\" decoding=\"async\" class=\"size-full wp-image-4334 alignleft\" src=\"https:\/\/mp2kwidzyn.pl\/wp-content\/uploads\/2026\/01\/blender-11967_128.gif\" alt=\"\" width=\"128\" height=\"128\" \/><\/u><\/p>\n<p>&nbsp;<\/p>\n<p><u>Drodzy Rodzice<\/u> nasz\u0105 <strong>galeri\u0119<\/strong> mo\u017cna tak\u017ce znale\u017a\u0107 tu: <a href=\"https:\/\/www.facebook.com\/MiejskiePrzedszkolenr2wKwidzynie\/photos\"><br \/>\n<\/a><\/p>\n<p><a href=\"https:\/\/www.facebook.com\/MiejskiePrzedszkolenr2wKwidzynie\/photos\"><img loading=\"lazy\" decoding=\"async\" class=\" wp-image-4330 aligncenter\" src=\"https:\/\/mp2kwidzyn.pl\/wp-content\/uploads\/2026\/01\/galeriafc-181x300.jpg\" alt=\"\" width=\"332\" height=\"550\" srcset=\"https:\/\/mp2kwidzyn.pl\/wp-content\/uploads\/2026\/01\/galeriafc-181x300.jpg 181w, https:\/\/mp2kwidzyn.pl\/wp-content\/uploads\/2026\/01\/galeriafc-619x1024.jpg 619w, https:\/\/mp2kwidzyn.pl\/wp-content\/uploads\/2026\/01\/galeriafc-768x1271.jpg 768w, https:\/\/mp2kwidzyn.pl\/wp-content\/uploads\/2026\/01\/galeriafc.jpg 881w\" sizes=\"auto, (max-width: 332px) 100vw, 332px\" \/><\/a><\/p>\n","protected":false},"excerpt":{"rendered":"<p>&nbsp; Drodzy Rodzice nasz\u0105 galeri\u0119 mo\u017cna tak\u017ce znale\u017a\u0107 tu:<\/p>\n","protected":false},"author":1,"featured_media":0,"parent":0,"menu_order":0,"comment_status":"closed","ping_status":"closed","template":"","meta":{"footnotes":""},"class_list":["post-4326","page","type-page","status-publish","hentry"],"_links":{"self":[{"href":"https:\/\/mp2kwidzyn.pl\/index.php\/wp-json\/wp\/v2\/pages\/4326","targetHints":{"allow":["GET"]}}],"collection":[{"href":"https:\/\/mp2kwidzyn.pl\/index.php\/wp-json\/wp\/v2\/pages"}],"about":[{"href":"https:\/\/mp2kwidzyn.pl\/index.php\/wp-json\/wp\/v2\/types\/page"}],"author":[{"embeddable":true,"href":"https:\/\/mp2kwidzyn.pl\/index.php\/wp-json\/wp\/v2\/users\/1"}],"replies":[{"embeddable":true,"href":"https:\/\/mp2kwidzyn.pl\/index.php\/wp-json\/wp\/v2\/comments?post=4326"}],"version-history":[{"count":12,"href":"https:\/\/mp2kwidzyn.pl\/index.php\/wp-json\/wp\/v2\/pages\/4326\/revisions"}],"predecessor-version":[{"id":4341,"href":"https:\/\/mp2kwidzyn.pl\/index.php\/wp-json\/wp\/v2\/pages\/4326\/revisions\/4341"}],"wp:attachment":[{"href":"https:\/\/mp2kwidzyn.pl\/index.php\/wp-json\/wp\/v2\/media?parent=4326"}],"curies":[{"name":"wp","href":"https:\/\/api.w.org\/{rel}","templated":true}]}}